{"id":4946,"date":"2020-04-04T19:10:23","date_gmt":"2020-04-04T19:10:23","guid":{"rendered":"http:\/\/treehouse-zvicina.cz\/?page_id=4946"},"modified":"2024-02-11T22:51:23","modified_gmt":"2024-02-11T22:51:23","slug":"jak-vse-vzniklo","status":"publish","type":"page","link":"https:\/\/treehouse-zvicina.cz\/en\/jak-vse-vzniklo\/","title":{"rendered":"Making of"},"content":{"rendered":"<div data-elementor-type=\"wp-page\" data-elementor-id=\"4946\" class=\"elementor elementor-4946\" data-elementor-settings=\"[]\">\n\t\t\t<div class=\"elementor-inner\">\n\t\t\t\t<div class=\"elementor-section-wrap\">\n\t\t\t\t\t\t\t<section class=\"elementor-element elementor-element-7dda4f6d elementor-section-stretched elementor-section-boxed elementor-section-height-default elementor-section-height-default elementor-section elementor-top-section\" data-id=\"7dda4f6d\" data-element_type=\"section\" data-settings=\"{&quot;stretch_section&quot;:&quot;section-stretched&quot;}\">\n\t\t\t\t\t\t<div class=\"elementor-container elementor-column-gap-default\">\n\t\t\t\t<div class=\"elementor-row\">\n\t\t\t\t<div class=\"elementor-element elementor-element-3aa295e0 elementor-column elementor-col-100 elementor-top-column\" data-id=\"3aa295e0\" data-element_type=\"column\">\n\t\t\t<div class=\"elementor-column-wrap  elementor-element-populated\">\n\t\t\t\t\t<div class=\"elementor-widget-wrap\">\n\t\t\t\t<div class=\"elementor-element elementor-element-5bbb94a elementor-widget elementor-widget-heading\" data-id=\"5bbb94a\" data-element_type=\"widget\" data-widget_type=\"heading.default\">\n\t\t\t\t<div class=\"elementor-widget-container\">\n\t\t\t<h2 class=\"elementor-heading-title elementor-size-default\">Making of<\/h2>\t\t<\/div>\n\t\t\t\t<\/div>\n\t\t\t\t<div class=\"elementor-element elementor-element-9acd6ae elementor-widget elementor-widget-text-editor\" data-id=\"9acd6ae\" data-element_type=\"widget\" data-widget_type=\"text-editor.default\">\n\t\t\t\t<div class=\"elementor-widget-container\">\n\t\t\t\t\t<div class=\"elementor-text-editor elementor-clearfix\"><p style=\"text-align: center;\">P\u0159ipravili jsme pro v\u00e1s foto-p\u0159\u00edb\u011bh na kter\u00e9m je vid\u011bt cel\u00fd proces budov\u00e1n\u00ed projektu.\u00a0<\/p><\/div>\n\t\t\t\t<\/div>\n\t\t\t\t<\/div>\n\t\t\t\t<div class=\"elementor-element elementor-element-6d6665a elementor-widget elementor-widget-text-editor\" data-id=\"6d6665a\" data-element_type=\"widget\" data-widget_type=\"text-editor.default\">\n\t\t\t\t<div class=\"elementor-widget-container\">\n\t\t\t\t\t<div class=\"elementor-text-editor elementor-clearfix\"><p>Vlo\u017eit galerii<\/p><\/div>\n\t\t\t\t<\/div>\n\t\t\t\t<\/div>\n\t\t\t\t\t\t<\/div>\n\t\t\t<\/div>\n\t\t<\/div>\n\t\t\t\t\t\t<\/div>\n\t\t\t<\/div>\n\t\t<\/section>\n\t\t\t\t\t\t<\/div>\n\t\t\t<\/div>\n\t\t<\/div>","protected":false},"excerpt":{"rendered":"<p>Jak v\u0161e vzniklo P\u0159ipravili jsme pro v\u00e1s foto-p\u0159\u00edb\u011bh na kter\u00e9m je vid\u011bt cel\u00fd proces budov\u00e1n\u00ed projektu.\u00a0 Vlo\u017eit galerii<\/p>","protected":false},"author":4,"featured_media":0,"parent":0,"menu_order":0,"comment_status":"closed","ping_status":"closed","template":"","meta":{"ngg_post_thumbnail":0,"spay_email":""},"wppr_data":{"cwp_meta_box_check":"No"},"yoast_head":"<!-- This site is optimized with the Yoast SEO plugin v14.2 - https:\/\/yoast.com\/wordpress\/plugins\/seo\/ -->\n<title>Jak v\u0161e vzniklo - Treehouse &amp; Spa - luxusn\u00ed odpo\u010dinek v p\u0159\u00edrod\u011b<\/title>\n<meta name=\"robots\" content=\"index, follow\" \/>\n<meta name=\"googlebot\" content=\"index, follow, max-snippet:-1, max-image-preview:large, max-video-preview:-1\" \/>\n<meta name=\"bingbot\" content=\"index, follow, max-snippet:-1, max-image-preview:large, max-video-preview:-1\" \/>\n<link rel=\"canonical\" href=\"https:\/\/treehouse-zvicina.cz\/en\/jak-vse-vzniklo\/\" \/>\n<meta property=\"og:locale\" content=\"en_GB\" \/>\n<meta property=\"og:type\" content=\"article\" \/>\n<meta property=\"og:title\" content=\"Jak v\u0161e vzniklo - Treehouse &amp; Spa - luxusn\u00ed odpo\u010dinek v p\u0159\u00edrod\u011b\" \/>\n<meta property=\"og:description\" content=\"Jak v\u0161e vzniklo P\u0159ipravili jsme pro v\u00e1s foto-p\u0159\u00edb\u011bh na kter\u00e9m je vid\u011bt cel\u00fd proces budov\u00e1n\u00ed projektu.\u00a0 Vlo\u017eit galerii\" \/>\n<meta property=\"og:url\" content=\"https:\/\/treehouse-zvicina.cz\/en\/jak-vse-vzniklo\/\" \/>\n<meta property=\"og:site_name\" content=\"Treehouse &amp; Spa - luxusn\u00ed odpo\u010dinek v p\u0159\u00edrod\u011b\" \/>\n<meta property=\"article:publisher\" content=\"https:\/\/www.facebook.com\/treehousezvicina\/\" \/>\n<meta property=\"article:modified_time\" content=\"2024-02-11T22:51:23+00:00\" \/>\n<meta name=\"twitter:card\" content=\"summary_large_image\" \/>\n<script type=\"application\/ld+json\" class=\"yoast-schema-graph\">{\"@context\":\"https:\/\/schema.org\",\"@graph\":[{\"@type\":\"Organization\",\"@id\":\"https:\/\/treehouse-zvicina.cz\/en\/#organization\",\"name\":\"Treehouse Zvi\\u010dina\",\"url\":\"https:\/\/treehouse-zvicina.cz\/en\/\",\"sameAs\":[\"https:\/\/www.facebook.com\/treehousezvicina\/\",\"https:\/\/www.instagram.com\/treehousezvicina\/\"],\"logo\":{\"@type\":\"ImageObject\",\"@id\":\"https:\/\/treehouse-zvicina.cz\/en\/#logo\",\"inLanguage\":\"en-GB\",\"url\":\"https:\/\/treehouse-zvicina.cz\/wp-content\/uploads\/2020\/06\/logo-velke.png\",\"width\":1505,\"height\":1505,\"caption\":\"Treehouse Zvi\\u010dina\"},\"image\":{\"@id\":\"https:\/\/treehouse-zvicina.cz\/en\/#logo\"}},{\"@type\":\"WebSite\",\"@id\":\"https:\/\/treehouse-zvicina.cz\/en\/#website\",\"url\":\"https:\/\/treehouse-zvicina.cz\/en\/\",\"name\":\"Treehouse &amp; Spa - luxusn\\u00ed odpo\\u010dinek v p\\u0159\\u00edrod\\u011b\",\"description\":\"Ubytov\\u00e1n\\u00ed Treehouse &amp; Spa Zvi\\u010dina nab\\u00edz\\u00ed jedine\\u010dn\\u00fd z\\u00e1\\u017eitek v kr\\u00e1sn\\u00e9 p\\u0159\\u00edrod\\u011b. Luxusn\\u00ed odpo\\u010dinek V\\u00e1m zajist\\u00ed hork\\u00fd sud s ochlazovac\\u00ed k\\u00e1d\\u00ed a za zp\\u011bvu pt\\u00e1k\\u016f a \\u0161um\\u011bn\\u00ed list\\u00ed se nechte un\\u00e1\\u0161et na vln\\u011b pohody.\",\"publisher\":{\"@id\":\"https:\/\/treehouse-zvicina.cz\/en\/#organization\"},\"potentialAction\":[{\"@type\":\"SearchAction\",\"target\":\"https:\/\/treehouse-zvicina.cz\/en\/?s={search_term_string}\",\"query-input\":\"required name=search_term_string\"}],\"inLanguage\":\"en-GB\"},{\"@type\":\"WebPage\",\"@id\":\"https:\/\/treehouse-zvicina.cz\/jak-vse-vzniklo\/#webpage\",\"url\":\"https:\/\/treehouse-zvicina.cz\/jak-vse-vzniklo\/\",\"name\":\"Jak v\\u0161e vzniklo - Treehouse &amp; Spa - luxusn\\u00ed odpo\\u010dinek v p\\u0159\\u00edrod\\u011b\",\"isPartOf\":{\"@id\":\"https:\/\/treehouse-zvicina.cz\/en\/#website\"},\"datePublished\":\"2020-04-04T19:10:23+00:00\",\"dateModified\":\"2024-02-11T22:51:23+00:00\",\"inLanguage\":\"en-GB\",\"potentialAction\":[{\"@type\":\"ReadAction\",\"target\":[\"https:\/\/treehouse-zvicina.cz\/jak-vse-vzniklo\/\"]}]}]}<\/script>\n<!-- \/ Yoast SEO plugin. -->","_links":{"self":[{"href":"https:\/\/treehouse-zvicina.cz\/en\/wp-json\/wp\/v2\/pages\/4946"}],"collection":[{"href":"https:\/\/treehouse-zvicina.cz\/en\/wp-json\/wp\/v2\/pages"}],"about":[{"href":"https:\/\/treehouse-zvicina.cz\/en\/wp-json\/wp\/v2\/types\/page"}],"author":[{"embeddable":true,"href":"https:\/\/treehouse-zvicina.cz\/en\/wp-json\/wp\/v2\/users\/4"}],"replies":[{"embeddable":true,"href":"https:\/\/treehouse-zvicina.cz\/en\/wp-json\/wp\/v2\/comments?post=4946"}],"version-history":[{"count":15,"href":"https:\/\/treehouse-zvicina.cz\/en\/wp-json\/wp\/v2\/pages\/4946\/revisions"}],"predecessor-version":[{"id":6425,"href":"https:\/\/treehouse-zvicina.cz\/en\/wp-json\/wp\/v2\/pages\/4946\/revisions\/6425"}],"wp:attachment":[{"href":"https:\/\/treehouse-zvicina.cz\/en\/wp-json\/wp\/v2\/media?parent=4946"}],"curies":[{"name":"wp","href":"https:\/\/api.w.org\/{rel}","templated":true}]}}