{"id":5002,"date":"2020-05-12T10:20:56","date_gmt":"2020-05-12T10:20:56","guid":{"rendered":"http:\/\/treehouse-zvicina.cz\/?page_id=5002"},"modified":"2026-03-18T14:13:12","modified_gmt":"2026-03-18T14:13:12","slug":"informace","status":"publish","type":"page","link":"https:\/\/treehouse-zvicina.cz\/en\/informace\/","title":{"rendered":"Informace"},"content":{"rendered":"<div data-elementor-type=\"wp-page\" data-elementor-id=\"5002\" class=\"elementor elementor-5002\" data-elementor-settings=\"[]\">\n\t\t\t<div class=\"elementor-inner\">\n\t\t\t\t<div class=\"elementor-section-wrap\">\n\t\t\t\t\t\t\t<section class=\"elementor-element elementor-element-620a3ba elementor-section-stretched elementor-section-boxed elementor-section-height-default elementor-section-height-default elementor-section elementor-top-section\" data-id=\"620a3ba\" data-element_type=\"section\" data-settings=\"{&quot;stretch_section&quot;:&quot;section-stretched&quot;}\">\n\t\t\t\t\t\t<div class=\"elementor-container elementor-column-gap-default\">\n\t\t\t\t<div class=\"elementor-row\">\n\t\t\t\t<div class=\"elementor-element elementor-element-bde8d69 elementor-column elementor-col-100 elementor-top-column\" data-id=\"bde8d69\" data-element_type=\"column\">\n\t\t\t<div class=\"elementor-column-wrap  elementor-element-populated\">\n\t\t\t\t\t<div class=\"elementor-widget-wrap\">\n\t\t\t\t<section class=\"elementor-element elementor-element-21e7a5f elementor-section-boxed elementor-section-height-default elementor-section-height-default elementor-section elementor-inner-section\" data-id=\"21e7a5f\" data-element_type=\"section\">\n\t\t\t\t\t\t<div class=\"elementor-container elementor-column-gap-default\">\n\t\t\t\t<div class=\"elementor-row\">\n\t\t\t\t<div class=\"elementor-element elementor-element-53fe819 elementor-column elementor-col-50 elementor-inner-column\" data-id=\"53fe819\" data-element_type=\"column\">\n\t\t\t<div class=\"elementor-column-wrap  elementor-element-populated\">\n\t\t\t\t\t<div class=\"elementor-widget-wrap\">\n\t\t\t\t<div class=\"elementor-element elementor-element-9824734 elementor-widget elementor-widget-heading\" data-id=\"9824734\" data-element_type=\"widget\" data-widget_type=\"heading.default\">\n\t\t\t\t<div class=\"elementor-widget-container\">\n\t\t\t<h2 class=\"elementor-heading-title elementor-size-default\"><a href=\"https:\/\/treehouse-zvicina.cz\/en\/treehouse\/\">Treehouse<\/a><\/h2>\t\t<\/div>\n\t\t\t\t<\/div>\n\t\t\t\t<div class=\"elementor-element elementor-element-6a5f505 elementor-widget elementor-widget-image\" data-id=\"6a5f505\" data-element_type=\"widget\" data-widget_type=\"image.default\">\n\t\t\t\t<div class=\"elementor-widget-container\">\n\t\t\t\t\t<div class=\"elementor-image\">\n\t\t\t\t\t\t\t\t\t\t\t<a href=\"https:\/\/treehouse-zvicina.cz\/en\/treehouse\/\">\n\t\t\t\t\t\t\t<img width=\"750\" height=\"422\" src=\"https:\/\/treehouse-zvicina.cz\/wp-content\/uploads\/2020\/06\/Treehouse-Zvicina-prichod-2-1024x576.jpg\" class=\"attachment-large size-large\" alt=\"\" loading=\"lazy\" srcset=\"https:\/\/treehouse-zvicina.cz\/wp-content\/uploads\/2020\/06\/Treehouse-Zvicina-prichod-2-1024x576.jpg 1024w, https:\/\/treehouse-zvicina.cz\/wp-content\/uploads\/2020\/06\/Treehouse-Zvicina-prichod-2-300x169.jpg 300w, https:\/\/treehouse-zvicina.cz\/wp-content\/uploads\/2020\/06\/Treehouse-Zvicina-prichod-2-768x432.jpg 768w, https:\/\/treehouse-zvicina.cz\/wp-content\/uploads\/2020\/06\/Treehouse-Zvicina-prichod-2-1536x864.jpg 1536w, https:\/\/treehouse-zvicina.cz\/wp-content\/uploads\/2020\/06\/Treehouse-Zvicina-prichod-2-50x28.jpg 50w, https:\/\/treehouse-zvicina.cz\/wp-content\/uploads\/2020\/06\/Treehouse-Zvicina-prichod-2-24x14.jpg 24w, https:\/\/treehouse-zvicina.cz\/wp-content\/uploads\/2020\/06\/Treehouse-Zvicina-prichod-2-36x20.jpg 36w, https:\/\/treehouse-zvicina.cz\/wp-content\/uploads\/2020\/06\/Treehouse-Zvicina-prichod-2-48x27.jpg 48w, https:\/\/treehouse-zvicina.cz\/wp-content\/uploads\/2020\/06\/Treehouse-Zvicina-prichod-2-600x338.jpg 600w, https:\/\/treehouse-zvicina.cz\/wp-content\/uploads\/2020\/06\/Treehouse-Zvicina-prichod-2.jpg 1919w\" sizes=\"(max-width: 750px) 100vw, 750px\" \/>\t\t\t\t\t\t\t\t<\/a>\n\t\t\t\t\t\t\t\t\t\t\t<\/div>\n\t\t\t\t<\/div>\n\t\t\t\t<\/div>\n\t\t\t\t\t\t<\/div>\n\t\t\t<\/div>\n\t\t<\/div>\n\t\t\t\t<div class=\"elementor-element elementor-element-5472084 elementor-column elementor-col-50 elementor-inner-column\" data-id=\"5472084\" data-element_type=\"column\">\n\t\t\t<div class=\"elementor-column-wrap  elementor-element-populated\">\n\t\t\t\t\t<div class=\"elementor-widget-wrap\">\n\t\t\t\t<div class=\"elementor-element elementor-element-e7d09a2 elementor-widget elementor-widget-heading\" data-id=\"e7d09a2\" data-element_type=\"widget\" data-widget_type=\"heading.default\">\n\t\t\t\t<div class=\"elementor-widget-container\">\n\t\t\t<h2 class=\"elementor-heading-title elementor-size-default\"><a href=\"https:\/\/treehouse-zvicina.cz\/en\/lazne\/\">Spa<\/a><\/h2>\t\t<\/div>\n\t\t\t\t<\/div>\n\t\t\t\t<div class=\"elementor-element elementor-element-216c01d elementor-widget elementor-widget-image\" data-id=\"216c01d\" data-element_type=\"widget\" data-widget_type=\"image.default\">\n\t\t\t\t<div class=\"elementor-widget-container\">\n\t\t\t\t\t<div class=\"elementor-image\">\n\t\t\t\t\t\t\t\t\t\t\t<a href=\"https:\/\/treehouse-zvicina.cz\/en\/lazne\/\">\n\t\t\t\t\t\t\t<img width=\"750\" height=\"422\" src=\"https:\/\/treehouse-zvicina.cz\/wp-content\/uploads\/2020\/06\/Treehouse-Zvicina-spa-detail-relax-2-1024x576.jpg\" class=\"attachment-large size-large\" alt=\"\" loading=\"lazy\" srcset=\"https:\/\/treehouse-zvicina.cz\/wp-content\/uploads\/2020\/06\/Treehouse-Zvicina-spa-detail-relax-2-1024x576.jpg 1024w, https:\/\/treehouse-zvicina.cz\/wp-content\/uploads\/2020\/06\/Treehouse-Zvicina-spa-detail-relax-2-300x169.jpg 300w, https:\/\/treehouse-zvicina.cz\/wp-content\/uploads\/2020\/06\/Treehouse-Zvicina-spa-detail-relax-2-768x432.jpg 768w, https:\/\/treehouse-zvicina.cz\/wp-content\/uploads\/2020\/06\/Treehouse-Zvicina-spa-detail-relax-2-1536x864.jpg 1536w, https:\/\/treehouse-zvicina.cz\/wp-content\/uploads\/2020\/06\/Treehouse-Zvicina-spa-detail-relax-2-50x28.jpg 50w, https:\/\/treehouse-zvicina.cz\/wp-content\/uploads\/2020\/06\/Treehouse-Zvicina-spa-detail-relax-2-24x14.jpg 24w, https:\/\/treehouse-zvicina.cz\/wp-content\/uploads\/2020\/06\/Treehouse-Zvicina-spa-detail-relax-2-36x20.jpg 36w, https:\/\/treehouse-zvicina.cz\/wp-content\/uploads\/2020\/06\/Treehouse-Zvicina-spa-detail-relax-2-48x27.jpg 48w, https:\/\/treehouse-zvicina.cz\/wp-content\/uploads\/2020\/06\/Treehouse-Zvicina-spa-detail-relax-2-600x338.jpg 600w, https:\/\/treehouse-zvicina.cz\/wp-content\/uploads\/2020\/06\/Treehouse-Zvicina-spa-detail-relax-2.jpg 1919w\" sizes=\"(max-width: 750px) 100vw, 750px\" \/>\t\t\t\t\t\t\t\t<\/a>\n\t\t\t\t\t\t\t\t\t\t\t<\/div>\n\t\t\t\t<\/div>\n\t\t\t\t<\/div>\n\t\t\t\t\t\t<\/div>\n\t\t\t<\/div>\n\t\t<\/div>\n\t\t\t\t\t\t<\/div>\n\t\t\t<\/div>\n\t\t<\/section>\n\t\t\t\t\t\t<\/div>\n\t\t\t<\/div>\n\t\t<\/div>\n\t\t\t\t\t\t<\/div>\n\t\t\t<\/div>\n\t\t<\/section>\n\t\t\t\t<section class=\"elementor-element elementor-element-fdcd0c6 elementor-section-stretched elementor-section-boxed elementor-section-height-default elementor-section-height-default elementor-section elementor-top-section\" data-id=\"fdcd0c6\" data-element_type=\"section\" data-settings=\"{&quot;stretch_section&quot;:&quot;section-stretched&quot;}\">\n\t\t\t\t\t\t<div class=\"elementor-container elementor-column-gap-default\">\n\t\t\t\t<div class=\"elementor-row\">\n\t\t\t\t<div class=\"elementor-element elementor-element-4232c32 elementor-column elementor-col-100 elementor-top-column\" data-id=\"4232c32\" data-element_type=\"column\">\n\t\t\t<div class=\"elementor-column-wrap  elementor-element-populated\">\n\t\t\t\t\t<div class=\"elementor-widget-wrap\">\n\t\t\t\t<section class=\"elementor-element elementor-element-54b5b5d elementor-section-boxed elementor-section-height-default elementor-section-height-default elementor-section elementor-inner-section\" data-id=\"54b5b5d\" data-element_type=\"section\">\n\t\t\t\t\t\t<div class=\"elementor-container elementor-column-gap-default\">\n\t\t\t\t<div class=\"elementor-row\">\n\t\t\t\t<div class=\"elementor-element elementor-element-44f9f8a elementor-column elementor-col-50 elementor-inner-column\" data-id=\"44f9f8a\" data-element_type=\"column\">\n\t\t\t<div class=\"elementor-column-wrap  elementor-element-populated\">\n\t\t\t\t\t<div class=\"elementor-widget-wrap\">\n\t\t\t\t<div class=\"elementor-element elementor-element-a97b8b7 elementor-widget elementor-widget-heading\" data-id=\"a97b8b7\" data-element_type=\"widget\" data-widget_type=\"heading.default\">\n\t\t\t\t<div class=\"elementor-widget-container\">\n\t\t\t<h2 class=\"elementor-heading-title elementor-size-default\"><a href=\"https:\/\/treehouse-zvicina.cz\/en\/lesni-zahrada\/\">Forest garden<\/a><\/h2>\t\t<\/div>\n\t\t\t\t<\/div>\n\t\t\t\t<div class=\"elementor-element elementor-element-4dca6c8 elementor-widget elementor-widget-image\" data-id=\"4dca6c8\" data-element_type=\"widget\" data-widget_type=\"image.default\">\n\t\t\t\t<div class=\"elementor-widget-container\">\n\t\t\t\t\t<div class=\"elementor-image\">\n\t\t\t\t\t\t\t\t\t\t\t<a href=\"https:\/\/treehouse-zvicina.cz\/en\/lesni-zahrada\/\">\n\t\t\t\t\t\t\t<img width=\"750\" height=\"500\" src=\"https:\/\/treehouse-zvicina.cz\/wp-content\/uploads\/2020\/06\/Treehouse-Zvicina-lesni-zahrada-celek-1024x683.jpg\" class=\"attachment-large size-large\" alt=\"\" loading=\"lazy\" srcset=\"https:\/\/treehouse-zvicina.cz\/wp-content\/uploads\/2020\/06\/Treehouse-Zvicina-lesni-zahrada-celek-1024x683.jpg 1024w, https:\/\/treehouse-zvicina.cz\/wp-content\/uploads\/2020\/06\/Treehouse-Zvicina-lesni-zahrada-celek-300x200.jpg 300w, https:\/\/treehouse-zvicina.cz\/wp-content\/uploads\/2020\/06\/Treehouse-Zvicina-lesni-zahrada-celek-768x512.jpg 768w, https:\/\/treehouse-zvicina.cz\/wp-content\/uploads\/2020\/06\/Treehouse-Zvicina-lesni-zahrada-celek-1536x1024.jpg 1536w, https:\/\/treehouse-zvicina.cz\/wp-content\/uploads\/2020\/06\/Treehouse-Zvicina-lesni-zahrada-celek-50x33.jpg 50w, https:\/\/treehouse-zvicina.cz\/wp-content\/uploads\/2020\/06\/Treehouse-Zvicina-lesni-zahrada-celek-360x240.jpg 360w, https:\/\/treehouse-zvicina.cz\/wp-content\/uploads\/2020\/06\/Treehouse-Zvicina-lesni-zahrada-celek-24x16.jpg 24w, https:\/\/treehouse-zvicina.cz\/wp-content\/uploads\/2020\/06\/Treehouse-Zvicina-lesni-zahrada-celek-36x24.jpg 36w, https:\/\/treehouse-zvicina.cz\/wp-content\/uploads\/2020\/06\/Treehouse-Zvicina-lesni-zahrada-celek-48x32.jpg 48w, https:\/\/treehouse-zvicina.cz\/wp-content\/uploads\/2020\/06\/Treehouse-Zvicina-lesni-zahrada-celek-600x400.jpg 600w, https:\/\/treehouse-zvicina.cz\/wp-content\/uploads\/2020\/06\/Treehouse-Zvicina-lesni-zahrada-celek.jpg 1620w\" sizes=\"(max-width: 750px) 100vw, 750px\" \/>\t\t\t\t\t\t\t\t<\/a>\n\t\t\t\t\t\t\t\t\t\t\t<\/div>\n\t\t\t\t<\/div>\n\t\t\t\t<\/div>\n\t\t\t\t\t\t<\/div>\n\t\t\t<\/div>\n\t\t<\/div>\n\t\t\t\t<div class=\"elementor-element elementor-element-29dfc4c elementor-column elementor-col-50 elementor-inner-column\" data-id=\"29dfc4c\" data-element_type=\"column\">\n\t\t\t<div class=\"elementor-column-wrap  elementor-element-populated\">\n\t\t\t\t\t<div class=\"elementor-widget-wrap\">\n\t\t\t\t<div class=\"elementor-element elementor-element-e9c4844 elementor-widget elementor-widget-heading\" data-id=\"e9c4844\" data-element_type=\"widget\" data-widget_type=\"heading.default\">\n\t\t\t\t<div class=\"elementor-widget-container\">\n\t\t\t<h2 class=\"elementor-heading-title elementor-size-default\"><a href=\"https:\/\/treehouse-zvicina.cz\/en\/samoobsluzny-bar\/\">Self-service bar<\/a><\/h2>\t\t<\/div>\n\t\t\t\t<\/div>\n\t\t\t\t<div class=\"elementor-element elementor-element-7ac9b92 elementor-widget elementor-widget-image\" data-id=\"7ac9b92\" data-element_type=\"widget\" data-widget_type=\"image.default\">\n\t\t\t\t<div class=\"elementor-widget-container\">\n\t\t\t\t\t<div class=\"elementor-image\">\n\t\t\t\t\t\t\t\t\t\t\t<a href=\"https:\/\/treehouse-zvicina.cz\/en\/samoobsluzny-bar\/\">\n\t\t\t\t\t\t\t<img width=\"750\" height=\"500\" src=\"https:\/\/treehouse-zvicina.cz\/wp-content\/uploads\/2020\/06\/Treehouse-Zvicina-samoobsluzny-bar-1024x683.jpg\" class=\"attachment-large size-large\" alt=\"\" loading=\"lazy\" srcset=\"https:\/\/treehouse-zvicina.cz\/wp-content\/uploads\/2020\/06\/Treehouse-Zvicina-samoobsluzny-bar-1024x683.jpg 1024w, https:\/\/treehouse-zvicina.cz\/wp-content\/uploads\/2020\/06\/Treehouse-Zvicina-samoobsluzny-bar-300x200.jpg 300w, https:\/\/treehouse-zvicina.cz\/wp-content\/uploads\/2020\/06\/Treehouse-Zvicina-samoobsluzny-bar-768x512.jpg 768w, https:\/\/treehouse-zvicina.cz\/wp-content\/uploads\/2020\/06\/Treehouse-Zvicina-samoobsluzny-bar-1536x1024.jpg 1536w, https:\/\/treehouse-zvicina.cz\/wp-content\/uploads\/2020\/06\/Treehouse-Zvicina-samoobsluzny-bar-50x33.jpg 50w, https:\/\/treehouse-zvicina.cz\/wp-content\/uploads\/2020\/06\/Treehouse-Zvicina-samoobsluzny-bar-360x240.jpg 360w, https:\/\/treehouse-zvicina.cz\/wp-content\/uploads\/2020\/06\/Treehouse-Zvicina-samoobsluzny-bar-24x16.jpg 24w, https:\/\/treehouse-zvicina.cz\/wp-content\/uploads\/2020\/06\/Treehouse-Zvicina-samoobsluzny-bar-36x24.jpg 36w, https:\/\/treehouse-zvicina.cz\/wp-content\/uploads\/2020\/06\/Treehouse-Zvicina-samoobsluzny-bar-48x32.jpg 48w, https:\/\/treehouse-zvicina.cz\/wp-content\/uploads\/2020\/06\/Treehouse-Zvicina-samoobsluzny-bar-600x400.jpg 600w, https:\/\/treehouse-zvicina.cz\/wp-content\/uploads\/2020\/06\/Treehouse-Zvicina-samoobsluzny-bar.jpg 1620w\" sizes=\"(max-width: 750px) 100vw, 750px\" \/>\t\t\t\t\t\t\t\t<\/a>\n\t\t\t\t\t\t\t\t\t\t\t<\/div>\n\t\t\t\t<\/div>\n\t\t\t\t<\/div>\n\t\t\t\t\t\t<\/div>\n\t\t\t<\/div>\n\t\t<\/div>\n\t\t\t\t\t\t<\/div>\n\t\t\t<\/div>\n\t\t<\/section>\n\t\t\t\t\t\t<\/div>\n\t\t\t<\/div>\n\t\t<\/div>\n\t\t\t\t\t\t<\/div>\n\t\t\t<\/div>\n\t\t<\/section>\n\t\t\t\t<section class=\"elementor-element elementor-element-98dced1 elementor-section-stretched elementor-section-boxed elementor-section-height-default elementor-section-height-default elementor-section elementor-top-section\" data-id=\"98dced1\" data-element_type=\"section\" data-settings=\"{&quot;stretch_section&quot;:&quot;section-stretched&quot;}\">\n\t\t\t\t\t\t<div class=\"elementor-container elementor-column-gap-default\">\n\t\t\t\t<div class=\"elementor-row\">\n\t\t\t\t<div class=\"elementor-element elementor-element-3acf293 elementor-column elementor-col-100 elementor-top-column\" data-id=\"3acf293\" data-element_type=\"column\">\n\t\t\t<div class=\"elementor-column-wrap  elementor-element-populated\">\n\t\t\t\t\t<div class=\"elementor-widget-wrap\">\n\t\t\t\t<section class=\"elementor-element elementor-element-2a65291 elementor-section-boxed elementor-section-height-default elementor-section-height-default elementor-section elementor-inner-section\" data-id=\"2a65291\" data-element_type=\"section\">\n\t\t\t\t\t\t<div class=\"elementor-container elementor-column-gap-default\">\n\t\t\t\t<div class=\"elementor-row\">\n\t\t\t\t<div class=\"elementor-element elementor-element-caf8e7b elementor-column elementor-col-50 elementor-inner-column\" data-id=\"caf8e7b\" data-element_type=\"column\">\n\t\t\t<div class=\"elementor-column-wrap  elementor-element-populated\">\n\t\t\t\t\t<div class=\"elementor-widget-wrap\">\n\t\t\t\t<div class=\"elementor-element elementor-element-33a3dde elementor-widget elementor-widget-heading\" data-id=\"33a3dde\" data-element_type=\"widget\" data-widget_type=\"heading.default\">\n\t\t\t\t<div class=\"elementor-widget-container\">\n\t\t\t<h2 class=\"elementor-heading-title elementor-size-default\"><a href=\"https:\/\/treehouse-zvicina.cz\/en\/o-nas\/\">About<\/a><\/h2>\t\t<\/div>\n\t\t\t\t<\/div>\n\t\t\t\t<div class=\"elementor-element elementor-element-12187e5 elementor-widget elementor-widget-image\" data-id=\"12187e5\" data-element_type=\"widget\" data-widget_type=\"image.default\">\n\t\t\t\t<div class=\"elementor-widget-container\">\n\t\t\t\t\t<div class=\"elementor-image\">\n\t\t\t\t\t\t\t\t\t\t\t<a href=\"https:\/\/treehouse-zvicina.cz\/en\/o-nas\/\">\n\t\t\t\t\t\t\t<img width=\"750\" height=\"750\" src=\"https:\/\/treehouse-zvicina.cz\/wp-content\/uploads\/2023\/01\/TreeHouseZvicina_team_square-copy.jpg\" class=\"attachment-large size-large\" alt=\"Treehouse Zvi\u010dina Team\" loading=\"lazy\" srcset=\"https:\/\/treehouse-zvicina.cz\/wp-content\/uploads\/2023\/01\/TreeHouseZvicina_team_square-copy.jpg 1000w, https:\/\/treehouse-zvicina.cz\/wp-content\/uploads\/2023\/01\/TreeHouseZvicina_team_square-copy-300x300.jpg 300w, https:\/\/treehouse-zvicina.cz\/wp-content\/uploads\/2023\/01\/TreeHouseZvicina_team_square-copy-150x150.jpg 150w, https:\/\/treehouse-zvicina.cz\/wp-content\/uploads\/2023\/01\/TreeHouseZvicina_team_square-copy-768x768.jpg 768w, https:\/\/treehouse-zvicina.cz\/wp-content\/uploads\/2023\/01\/TreeHouseZvicina_team_square-copy-50x50.jpg 50w, https:\/\/treehouse-zvicina.cz\/wp-content\/uploads\/2023\/01\/TreeHouseZvicina_team_square-copy-24x24.jpg 24w, https:\/\/treehouse-zvicina.cz\/wp-content\/uploads\/2023\/01\/TreeHouseZvicina_team_square-copy-36x36.jpg 36w, https:\/\/treehouse-zvicina.cz\/wp-content\/uploads\/2023\/01\/TreeHouseZvicina_team_square-copy-48x48.jpg 48w, https:\/\/treehouse-zvicina.cz\/wp-content\/uploads\/2023\/01\/TreeHouseZvicina_team_square-copy-600x600.jpg 600w, https:\/\/treehouse-zvicina.cz\/wp-content\/uploads\/2023\/01\/TreeHouseZvicina_team_square-copy-160x160.jpg 160w\" sizes=\"(max-width: 750px) 100vw, 750px\" \/>\t\t\t\t\t\t\t\t<\/a>\n\t\t\t\t\t\t\t\t\t\t\t<\/div>\n\t\t\t\t<\/div>\n\t\t\t\t<\/div>\n\t\t\t\t\t\t<\/div>\n\t\t\t<\/div>\n\t\t<\/div>\n\t\t\t\t<div class=\"elementor-element elementor-element-0ee287d elementor-column elementor-col-50 elementor-inner-column\" data-id=\"0ee287d\" data-element_type=\"column\">\n\t\t\t<div class=\"elementor-column-wrap  elementor-element-populated\">\n\t\t\t\t\t<div class=\"elementor-widget-wrap\">\n\t\t\t\t<div class=\"elementor-element elementor-element-216ca07 elementor-widget elementor-widget-heading\" data-id=\"216ca07\" data-element_type=\"widget\" data-widget_type=\"heading.default\">\n\t\t\t\t<div class=\"elementor-widget-container\">\n\t\t\t<h2 class=\"elementor-heading-title elementor-size-default\"><a href=\"https:\/\/treehouse-zvicina.cz\/en\/jak-vse-vzniklo\/\">Making of<\/a><\/h2>\t\t<\/div>\n\t\t\t\t<\/div>\n\t\t\t\t<div class=\"elementor-element elementor-element-8830b55 elementor-widget elementor-widget-image\" data-id=\"8830b55\" data-element_type=\"widget\" data-widget_type=\"image.default\">\n\t\t\t\t<div class=\"elementor-widget-container\">\n\t\t\t\t\t<div class=\"elementor-image\">\n\t\t\t\t\t\t\t\t\t\t\t<a href=\"https:\/\/treehouse-zvicina.cz\/en\/jak-vse-vzniklo\/\">\n\t\t\t\t\t\t\t<img width=\"750\" height=\"563\" src=\"https:\/\/treehouse-zvicina.cz\/wp-content\/uploads\/2020\/06\/jak-vse-vzniklo-treehouse-zvicina-63-1024x768.jpg\" class=\"attachment-large size-large\" alt=\"\" loading=\"lazy\" srcset=\"https:\/\/treehouse-zvicina.cz\/wp-content\/uploads\/2020\/06\/jak-vse-vzniklo-treehouse-zvicina-63-1024x768.jpg 1024w, https:\/\/treehouse-zvicina.cz\/wp-content\/uploads\/2020\/06\/jak-vse-vzniklo-treehouse-zvicina-63-300x225.jpg 300w, https:\/\/treehouse-zvicina.cz\/wp-content\/uploads\/2020\/06\/jak-vse-vzniklo-treehouse-zvicina-63-768x576.jpg 768w, https:\/\/treehouse-zvicina.cz\/wp-content\/uploads\/2020\/06\/jak-vse-vzniklo-treehouse-zvicina-63-50x38.jpg 50w, https:\/\/treehouse-zvicina.cz\/wp-content\/uploads\/2020\/06\/jak-vse-vzniklo-treehouse-zvicina-63-24x18.jpg 24w, https:\/\/treehouse-zvicina.cz\/wp-content\/uploads\/2020\/06\/jak-vse-vzniklo-treehouse-zvicina-63-36x27.jpg 36w, https:\/\/treehouse-zvicina.cz\/wp-content\/uploads\/2020\/06\/jak-vse-vzniklo-treehouse-zvicina-63-48x36.jpg 48w, https:\/\/treehouse-zvicina.cz\/wp-content\/uploads\/2020\/06\/jak-vse-vzniklo-treehouse-zvicina-63-600x450.jpg 600w, https:\/\/treehouse-zvicina.cz\/wp-content\/uploads\/2020\/06\/jak-vse-vzniklo-treehouse-zvicina-63.jpg 1440w\" sizes=\"(max-width: 750px) 100vw, 750px\" \/>\t\t\t\t\t\t\t\t<\/a>\n\t\t\t\t\t\t\t\t\t\t\t<\/div>\n\t\t\t\t<\/div>\n\t\t\t\t<\/div>\n\t\t\t\t\t\t<\/div>\n\t\t\t<\/div>\n\t\t<\/div>\n\t\t\t\t\t\t<\/div>\n\t\t\t<\/div>\n\t\t<\/section>\n\t\t\t\t\t\t<\/div>\n\t\t\t<\/div>\n\t\t<\/div>\n\t\t\t\t\t\t<\/div>\n\t\t\t<\/div>\n\t\t<\/section>\n\t\t\t\t\t\t<\/div>\n\t\t\t<\/div>\n\t\t<\/div>","protected":false},"excerpt":{"rendered":"<p>Treehouse L\u00e1zn\u011b Lesn\u00ed zahrada Samoobslu\u017en\u00fd bar O n\u00e1s a na\u0161em projektu Jak v\u0161e vzniklo<\/p>","protected":false},"author":4,"featured_media":0,"parent":0,"menu_order":0,"comment_status":"closed","ping_status":"closed","template":"","meta":{"ngg_post_thumbnail":0,"spay_email":""},"wppr_data":{"cwp_meta_box_check":"No"},"yoast_head":"<!-- This site is optimized with the Yoast SEO plugin v14.2 - https:\/\/yoast.com\/wordpress\/plugins\/seo\/ -->\n<title>Informace - Treehouse &amp; Spa - luxusn\u00ed odpo\u010dinek v p\u0159\u00edrod\u011b<\/title>\n<meta name=\"robots\" content=\"index, follow\" \/>\n<meta name=\"googlebot\" content=\"index, follow, max-snippet:-1, max-image-preview:large, max-video-preview:-1\" \/>\n<meta name=\"bingbot\" content=\"index, follow, max-snippet:-1, max-image-preview:large, max-video-preview:-1\" \/>\n<link rel=\"canonical\" href=\"https:\/\/treehouse-zvicina.cz\/en\/informace\/\" \/>\n<meta property=\"og:locale\" content=\"en_GB\" \/>\n<meta property=\"og:type\" content=\"article\" \/>\n<meta property=\"og:title\" content=\"Informace - Treehouse &amp; Spa - luxusn\u00ed odpo\u010dinek v p\u0159\u00edrod\u011b\" \/>\n<meta property=\"og:description\" content=\"Treehouse L\u00e1zn\u011b Lesn\u00ed zahrada Samoobslu\u017en\u00fd bar O n\u00e1s a na\u0161em projektu Jak v\u0161e vzniklo\" \/>\n<meta property=\"og:url\" content=\"https:\/\/treehouse-zvicina.cz\/en\/informace\/\" \/>\n<meta property=\"og:site_name\" content=\"Treehouse &amp; Spa - luxusn\u00ed odpo\u010dinek v p\u0159\u00edrod\u011b\" \/>\n<meta property=\"article:publisher\" content=\"https:\/\/www.facebook.com\/treehousezvicina\/\" \/>\n<meta property=\"article:modified_time\" content=\"2026-03-18T14:13:12+00:00\" \/>\n<meta property=\"og:image\" content=\"http:\/\/treehouse-zvicina.cz\/wp-content\/uploads\/2020\/06\/Treehouse-Zvicina-prichod-2-1024x576.jpg\" \/>\n<meta name=\"twitter:card\" content=\"summary_large_image\" \/>\n<script type=\"application\/ld+json\" class=\"yoast-schema-graph\">{\"@context\":\"https:\/\/schema.org\",\"@graph\":[{\"@type\":\"Organization\",\"@id\":\"https:\/\/treehouse-zvicina.cz\/en\/#organization\",\"name\":\"Treehouse Zvi\\u010dina\",\"url\":\"https:\/\/treehouse-zvicina.cz\/en\/\",\"sameAs\":[\"https:\/\/www.facebook.com\/treehousezvicina\/\",\"https:\/\/www.instagram.com\/treehousezvicina\/\"],\"logo\":{\"@type\":\"ImageObject\",\"@id\":\"https:\/\/treehouse-zvicina.cz\/en\/#logo\",\"inLanguage\":\"en-GB\",\"url\":\"https:\/\/treehouse-zvicina.cz\/wp-content\/uploads\/2020\/06\/logo-velke.png\",\"width\":1505,\"height\":1505,\"caption\":\"Treehouse Zvi\\u010dina\"},\"image\":{\"@id\":\"https:\/\/treehouse-zvicina.cz\/en\/#logo\"}},{\"@type\":\"WebSite\",\"@id\":\"https:\/\/treehouse-zvicina.cz\/en\/#website\",\"url\":\"https:\/\/treehouse-zvicina.cz\/en\/\",\"name\":\"Treehouse &amp; Spa - luxusn\\u00ed odpo\\u010dinek v p\\u0159\\u00edrod\\u011b\",\"description\":\"Ubytov\\u00e1n\\u00ed Treehouse &amp; Spa Zvi\\u010dina nab\\u00edz\\u00ed jedine\\u010dn\\u00fd z\\u00e1\\u017eitek v kr\\u00e1sn\\u00e9 p\\u0159\\u00edrod\\u011b. Luxusn\\u00ed odpo\\u010dinek V\\u00e1m zajist\\u00ed hork\\u00fd sud s ochlazovac\\u00ed k\\u00e1d\\u00ed a za zp\\u011bvu pt\\u00e1k\\u016f a \\u0161um\\u011bn\\u00ed list\\u00ed se nechte un\\u00e1\\u0161et na vln\\u011b pohody.\",\"publisher\":{\"@id\":\"https:\/\/treehouse-zvicina.cz\/en\/#organization\"},\"potentialAction\":[{\"@type\":\"SearchAction\",\"target\":\"https:\/\/treehouse-zvicina.cz\/en\/?s={search_term_string}\",\"query-input\":\"required name=search_term_string\"}],\"inLanguage\":\"en-GB\"},{\"@type\":\"ImageObject\",\"@id\":\"https:\/\/treehouse-zvicina.cz\/informace\/#primaryimage\",\"inLanguage\":\"en-GB\",\"url\":\"http:\/\/treehouse-zvicina.cz\/wp-content\/uploads\/2020\/06\/Treehouse-Zvicina-prichod-2-1024x576.jpg\"},{\"@type\":\"WebPage\",\"@id\":\"https:\/\/treehouse-zvicina.cz\/informace\/#webpage\",\"url\":\"https:\/\/treehouse-zvicina.cz\/informace\/\",\"name\":\"Informace - Treehouse &amp; Spa - luxusn\\u00ed odpo\\u010dinek v p\\u0159\\u00edrod\\u011b\",\"isPartOf\":{\"@id\":\"https:\/\/treehouse-zvicina.cz\/en\/#website\"},\"primaryImageOfPage\":{\"@id\":\"https:\/\/treehouse-zvicina.cz\/informace\/#primaryimage\"},\"datePublished\":\"2020-05-12T10:20:56+00:00\",\"dateModified\":\"2026-03-18T14:13:12+00:00\",\"inLanguage\":\"en-GB\",\"potentialAction\":[{\"@type\":\"ReadAction\",\"target\":[\"https:\/\/treehouse-zvicina.cz\/informace\/\"]}]}]}<\/script>\n<!-- \/ Yoast SEO plugin. -->","_links":{"self":[{"href":"https:\/\/treehouse-zvicina.cz\/en\/wp-json\/wp\/v2\/pages\/5002"}],"collection":[{"href":"https:\/\/treehouse-zvicina.cz\/en\/wp-json\/wp\/v2\/pages"}],"about":[{"href":"https:\/\/treehouse-zvicina.cz\/en\/wp-json\/wp\/v2\/types\/page"}],"author":[{"embeddable":true,"href":"https:\/\/treehouse-zvicina.cz\/en\/wp-json\/wp\/v2\/users\/4"}],"replies":[{"embeddable":true,"href":"https:\/\/treehouse-zvicina.cz\/en\/wp-json\/wp\/v2\/comments?post=5002"}],"version-history":[{"count":23,"href":"https:\/\/treehouse-zvicina.cz\/en\/wp-json\/wp\/v2\/pages\/5002\/revisions"}],"predecessor-version":[{"id":6308,"href":"https:\/\/treehouse-zvicina.cz\/en\/wp-json\/wp\/v2\/pages\/5002\/revisions\/6308"}],"wp:attachment":[{"href":"https:\/\/treehouse-zvicina.cz\/en\/wp-json\/wp\/v2\/media?parent=5002"}],"curies":[{"name":"wp","href":"https:\/\/api.w.org\/{rel}","templated":true}]}}