{"id":5110,"date":"2020-06-05T11:01:46","date_gmt":"2020-06-05T11:01:46","guid":{"rendered":"http:\/\/treehouse-zvicina.cz\/?page_id=5110"},"modified":"2024-02-11T22:10:19","modified_gmt":"2024-02-11T22:10:19","slug":"samoobsluzny-bar","status":"publish","type":"page","link":"https:\/\/treehouse-zvicina.cz\/en\/samoobsluzny-bar\/","title":{"rendered":"Self-service bar"},"content":{"rendered":"<div data-elementor-type=\"wp-page\" data-elementor-id=\"5110\" class=\"elementor elementor-5110\" data-elementor-settings=\"[]\">\n\t\t\t<div class=\"elementor-inner\">\n\t\t\t\t<div class=\"elementor-section-wrap\">\n\t\t\t\t\t\t\t<section class=\"elementor-element elementor-element-2c3b01fc elementor-section-stretched elementor-section-boxed elementor-section-height-default elementor-section-height-default elementor-section elementor-top-section\" data-id=\"2c3b01fc\" data-element_type=\"section\" data-settings=\"{&quot;stretch_section&quot;:&quot;section-stretched&quot;}\">\n\t\t\t\t\t\t<div class=\"elementor-container elementor-column-gap-default\">\n\t\t\t\t<div class=\"elementor-row\">\n\t\t\t\t<div class=\"elementor-element elementor-element-4ea80329 elementor-column elementor-col-100 elementor-top-column\" data-id=\"4ea80329\" data-element_type=\"column\">\n\t\t\t<div class=\"elementor-column-wrap  elementor-element-populated\">\n\t\t\t\t\t<div class=\"elementor-widget-wrap\">\n\t\t\t\t<section class=\"elementor-element elementor-element-4bcf865 elementor-section-boxed elementor-section-height-default elementor-section-height-default elementor-section elementor-inner-section\" data-id=\"4bcf865\" data-element_type=\"section\">\n\t\t\t\t\t\t<div class=\"elementor-container elementor-column-gap-default\">\n\t\t\t\t<div class=\"elementor-row\">\n\t\t\t\t<div class=\"elementor-element elementor-element-b24047d elementor-column elementor-col-50 elementor-inner-column\" data-id=\"b24047d\" data-element_type=\"column\">\n\t\t\t<div class=\"elementor-column-wrap  elementor-element-populated\">\n\t\t\t\t\t<div class=\"elementor-widget-wrap\">\n\t\t\t\t<div class=\"elementor-element elementor-element-2675290 elementor-widget elementor-widget-heading\" data-id=\"2675290\" data-element_type=\"widget\" data-widget_type=\"heading.default\">\n\t\t\t\t<div class=\"elementor-widget-container\">\n\t\t\t<h1 class=\"elementor-heading-title elementor-size-medium\">Self-service bar<\/h1>\t\t<\/div>\n\t\t\t\t<\/div>\n\t\t\t\t<div class=\"elementor-element elementor-element-b7ba204 elementor-invisible elementor-widget elementor-widget-text-editor\" data-id=\"b7ba204\" data-element_type=\"widget\" data-settings=\"{&quot;_animation&quot;:&quot;none&quot;}\" data-widget_type=\"text-editor.default\">\n\t\t\t\t<div class=\"elementor-widget-container\">\n\t\t\t\t\t<div class=\"elementor-text-editor elementor-clearfix\"><p>Abyste b\u011bhem pron\u00e1jmu a va\u0161eho hospoda\u0159en\u00ed v lese nemuseli opravdu nic \u0159e\u0161it, p\u0159ipravili jsme pro v\u00e1s samoobslu\u017en\u00fd bar.&nbsp;<\/p>\n<p>V podzemn\u00ed lednici s navij\u00e1kem m\u016f\u017eete naj\u00edt sn\u00edda\u0148ov\u00fd bal\u00ed\u010dek.&nbsp; U l\u00e1zn\u00ed najdete vychlazen\u00e9 pivo nebo l\u00e1hev v\u00edna.&nbsp;<\/p><\/div>\n\t\t\t\t<\/div>\n\t\t\t\t<\/div>\n\t\t\t\t\t\t<\/div>\n\t\t\t<\/div>\n\t\t<\/div>\n\t\t\t\t<div class=\"elementor-element elementor-element-100dff4 elementor-column elementor-col-50 elementor-inner-column\" data-id=\"100dff4\" data-element_type=\"column\">\n\t\t\t<div class=\"elementor-column-wrap  elementor-element-populated\">\n\t\t\t\t\t<div class=\"elementor-widget-wrap\">\n\t\t\t\t<div class=\"elementor-element elementor-element-38de65f elementor-widget elementor-widget-image\" data-id=\"38de65f\" data-element_type=\"widget\" data-widget_type=\"image.default\">\n\t\t\t\t<div class=\"elementor-widget-container\">\n\t\t\t\t\t<div class=\"elementor-image\">\n\t\t\t\t\t\t\t\t\t\t<img width=\"750\" height=\"500\" src=\"https:\/\/treehouse-zvicina.cz\/wp-content\/uploads\/2020\/06\/Treehouse-Zvicina-samoobsluzny-bar-1024x683.jpg\" class=\"attachment-large size-large\" alt=\"\" loading=\"lazy\" srcset=\"https:\/\/treehouse-zvicina.cz\/wp-content\/uploads\/2020\/06\/Treehouse-Zvicina-samoobsluzny-bar-1024x683.jpg 1024w, https:\/\/treehouse-zvicina.cz\/wp-content\/uploads\/2020\/06\/Treehouse-Zvicina-samoobsluzny-bar-300x200.jpg 300w, https:\/\/treehouse-zvicina.cz\/wp-content\/uploads\/2020\/06\/Treehouse-Zvicina-samoobsluzny-bar-768x512.jpg 768w, https:\/\/treehouse-zvicina.cz\/wp-content\/uploads\/2020\/06\/Treehouse-Zvicina-samoobsluzny-bar-1536x1024.jpg 1536w, https:\/\/treehouse-zvicina.cz\/wp-content\/uploads\/2020\/06\/Treehouse-Zvicina-samoobsluzny-bar-50x33.jpg 50w, https:\/\/treehouse-zvicina.cz\/wp-content\/uploads\/2020\/06\/Treehouse-Zvicina-samoobsluzny-bar-360x240.jpg 360w, https:\/\/treehouse-zvicina.cz\/wp-content\/uploads\/2020\/06\/Treehouse-Zvicina-samoobsluzny-bar-24x16.jpg 24w, https:\/\/treehouse-zvicina.cz\/wp-content\/uploads\/2020\/06\/Treehouse-Zvicina-samoobsluzny-bar-36x24.jpg 36w, https:\/\/treehouse-zvicina.cz\/wp-content\/uploads\/2020\/06\/Treehouse-Zvicina-samoobsluzny-bar-48x32.jpg 48w, https:\/\/treehouse-zvicina.cz\/wp-content\/uploads\/2020\/06\/Treehouse-Zvicina-samoobsluzny-bar-600x400.jpg 600w, https:\/\/treehouse-zvicina.cz\/wp-content\/uploads\/2020\/06\/Treehouse-Zvicina-samoobsluzny-bar.jpg 1620w\" sizes=\"(max-width: 750px) 100vw, 750px\" \/>\t\t\t\t\t\t\t\t\t\t\t<\/div>\n\t\t\t\t<\/div>\n\t\t\t\t<\/div>\n\t\t\t\t\t\t<\/div>\n\t\t\t<\/div>\n\t\t<\/div>\n\t\t\t\t\t\t<\/div>\n\t\t\t<\/div>\n\t\t<\/section>\n\t\t\t\t<div class=\"elementor-element elementor-element-1c13cca elementor-widget elementor-widget-heading\" data-id=\"1c13cca\" data-element_type=\"widget\" data-widget_type=\"heading.default\">\n\t\t\t\t<div class=\"elementor-widget-container\">\n\t\t\t<h1 class=\"elementor-heading-title elementor-size-default\">What is to be found in the forest<\/h1>\t\t<\/div>\n\t\t\t\t<\/div>\n\t\t\t\t<section class=\"elementor-element elementor-element-20eb4b6 elementor-section-boxed elementor-section-height-default elementor-section-height-default elementor-section elementor-inner-section\" data-id=\"20eb4b6\" data-element_type=\"section\">\n\t\t\t\t\t\t<div class=\"elementor-container elementor-column-gap-default\">\n\t\t\t\t<div class=\"elementor-row\">\n\t\t\t\t<div class=\"elementor-element elementor-element-da77f89 elementor-column elementor-col-50 elementor-inner-column\" data-id=\"da77f89\" data-element_type=\"column\">\n\t\t\t<div class=\"elementor-column-wrap  elementor-element-populated\">\n\t\t\t\t\t<div class=\"elementor-widget-wrap\">\n\t\t\t\t<div class=\"elementor-element elementor-element-c70a5b8 elementor-widget elementor-widget-heading\" data-id=\"c70a5b8\" data-element_type=\"widget\" data-widget_type=\"heading.default\">\n\t\t\t\t<div class=\"elementor-widget-container\">\n\t\t\t<h2 class=\"elementor-heading-title elementor-size-default\">Included<\/h2>\t\t<\/div>\n\t\t\t\t<\/div>\n\t\t\t\t<div class=\"elementor-element elementor-element-26ae2d8 elementor-widget elementor-widget-text-editor\" data-id=\"26ae2d8\" data-element_type=\"widget\" data-widget_type=\"text-editor.default\">\n\t\t\t\t<div class=\"elementor-widget-container\">\n\t\t\t\t\t<div class=\"elementor-text-editor elementor-clearfix\"><div><span style=\"font-size: large;\">&nbsp;<\/span><span style=\"font-size: 18px;\">&#8230;&#8230;&#8230;<\/span><\/div>\n<ul>\n<li>potatoes<\/li>\n<li>vegetable<\/li>\n<li>fruits<\/li><li>k\u00e1va, \u010daj<\/li>\n<\/ul><\/div>\n\t\t\t\t<\/div>\n\t\t\t\t<\/div>\n\t\t\t\t\t\t<\/div>\n\t\t\t<\/div>\n\t\t<\/div>\n\t\t\t\t<div class=\"elementor-element elementor-element-14cec7d elementor-column elementor-col-50 elementor-inner-column\" data-id=\"14cec7d\" data-element_type=\"column\">\n\t\t\t<div class=\"elementor-column-wrap  elementor-element-populated\">\n\t\t\t\t\t<div class=\"elementor-widget-wrap\">\n\t\t\t\t<div class=\"elementor-element elementor-element-098a06e elementor-widget elementor-widget-heading\" data-id=\"098a06e\" data-element_type=\"widget\" data-widget_type=\"heading.default\">\n\t\t\t\t<div class=\"elementor-widget-container\">\n\t\t\t<h2 class=\"elementor-heading-title elementor-size-default\">Pay apart<\/h2>\t\t<\/div>\n\t\t\t\t<\/div>\n\t\t\t\t<div class=\"elementor-element elementor-element-b965687 elementor-widget elementor-widget-text-editor\" data-id=\"b965687\" data-element_type=\"widget\" data-widget_type=\"text-editor.default\">\n\t\t\t\t<div class=\"elementor-widget-container\">\n\t\t\t\t\t<div class=\"elementor-text-editor elementor-clearfix\"><ul><li>lahev v\u00edna\u00a0<\/li><li>pivo\u00a0<\/li><li><\/li><\/ul><\/div>\n\t\t\t\t<\/div>\n\t\t\t\t<\/div>\n\t\t\t\t\t\t<\/div>\n\t\t\t<\/div>\n\t\t<\/div>\n\t\t\t\t\t\t<\/div>\n\t\t\t<\/div>\n\t\t<\/section>\n\t\t\t\t<div class=\"elementor-element elementor-element-8ee4111 elementor-widget elementor-widget-spacer\" data-id=\"8ee4111\" data-element_type=\"widget\" data-widget_type=\"spacer.default\">\n\t\t\t\t<div class=\"elementor-widget-container\">\n\t\t\t\t\t<div class=\"elementor-spacer\">\n\t\t\t<div class=\"elementor-spacer-inner\"><\/div>\n\t\t<\/div>\n\t\t\t\t<\/div>\n\t\t\t\t<\/div>\n\t\t\t\t<div class=\"elementor-element elementor-element-dad991a elementor-widget elementor-widget-divider\" data-id=\"dad991a\" data-element_type=\"widget\" data-widget_type=\"divider.default\">\n\t\t\t\t<div class=\"elementor-widget-container\">\n\t\t\t\t\t<div class=\"elementor-divider\">\n\t\t\t<span class=\"elementor-divider-separator\">\n\t\t\t\t\t\t<\/span>\n\t\t<\/div>\n\t\t\t\t<\/div>\n\t\t\t\t<\/div>\n\t\t\t\t\t\t<\/div>\n\t\t\t<\/div>\n\t\t<\/div>\n\t\t\t\t\t\t<\/div>\n\t\t\t<\/div>\n\t\t<\/section>\n\t\t\t\t<section class=\"elementor-element elementor-element-576031f elementor-section-stretched elementor-section-boxed elementor-section-height-default elementor-section-height-default elementor-section elementor-top-section\" data-id=\"576031f\" data-element_type=\"section\" data-settings=\"{&quot;stretch_section&quot;:&quot;section-stretched&quot;}\">\n\t\t\t\t\t\t<div class=\"elementor-container elementor-column-gap-default\">\n\t\t\t\t<div class=\"elementor-row\">\n\t\t\t\t<div class=\"elementor-element elementor-element-2e68a8d elementor-column elementor-col-100 elementor-top-column\" data-id=\"2e68a8d\" data-element_type=\"column\">\n\t\t\t<div class=\"elementor-column-wrap  elementor-element-populated\">\n\t\t\t\t\t<div class=\"elementor-widget-wrap\">\n\t\t\t\t<div class=\"elementor-element elementor-element-f497cff elementor-widget elementor-widget-text-editor\" data-id=\"f497cff\" data-element_type=\"widget\" data-widget_type=\"text-editor.default\">\n\t\t\t\t<div class=\"elementor-widget-container\">\n\t\t\t\t\t<div class=\"elementor-text-editor elementor-clearfix\"><p style=\"text-align: center;\"><\/p><p style=\"text-align: center;\">Vyberte si jeden z voln\u00fdch term\u00edn\u016f nebo darujte voucher na pron\u00e1jem projektu Treehouse Zvi\u010dina.<\/p><\/div>\n\t\t\t\t<\/div>\n\t\t\t\t<\/div>\n\t\t\t\t<section class=\"elementor-element elementor-element-2d84333 elementor-section-boxed elementor-section-height-default elementor-section-height-default elementor-section elementor-inner-section\" data-id=\"2d84333\" data-element_type=\"section\">\n\t\t\t\t\t\t<div class=\"elementor-container elementor-column-gap-default\">\n\t\t\t\t<div class=\"elementor-row\">\n\t\t\t\t<div class=\"elementor-element elementor-element-7778871 elementor-column elementor-col-50 elementor-inner-column\" data-id=\"7778871\" data-element_type=\"column\">\n\t\t\t<div class=\"elementor-column-wrap  elementor-element-populated\">\n\t\t\t\t\t<div class=\"elementor-widget-wrap\">\n\t\t\t\t<div class=\"elementor-element elementor-element-624d65b elementor-align-center elementor-widget elementor-widget-button\" data-id=\"624d65b\" data-element_type=\"widget\" data-widget_type=\"button.default\">\n\t\t\t\t<div class=\"elementor-widget-container\">\n\t\t\t\t\t<div class=\"elementor-button-wrapper\">\n\t\t\t<a href=\"https:\/\/treehouse-zvicina.cz\/en\/rezervace\/\" class=\"elementor-button-link elementor-button elementor-size-md\" role=\"button\">\n\t\t\t\t\t\t<span class=\"elementor-button-content-wrapper\">\n\t\t\t\t\t\t<span class=\"elementor-button-icon elementor-align-icon-left\">\n\t\t\t\t<i aria-hidden=\"true\" class=\"far fa-calendar-alt\"><\/i>\t\t\t<\/span>\n\t\t\t\t\t\t<span class=\"elementor-button-text\">Book your date now<\/span>\n\t\t<\/span>\n\t\t\t\t\t<\/a>\n\t\t<\/div>\n\t\t\t\t<\/div>\n\t\t\t\t<\/div>\n\t\t\t\t\t\t<\/div>\n\t\t\t<\/div>\n\t\t<\/div>\n\t\t\t\t<div class=\"elementor-element elementor-element-0f8c1ea elementor-column elementor-col-50 elementor-inner-column\" data-id=\"0f8c1ea\" data-element_type=\"column\">\n\t\t\t<div class=\"elementor-column-wrap  elementor-element-populated\">\n\t\t\t\t\t<div class=\"elementor-widget-wrap\">\n\t\t\t\t<div class=\"elementor-element elementor-element-5ce5641 elementor-align-center elementor-widget elementor-widget-button\" data-id=\"5ce5641\" data-element_type=\"widget\" data-widget_type=\"button.default\">\n\t\t\t\t<div class=\"elementor-widget-container\">\n\t\t\t\t\t<div class=\"elementor-button-wrapper\">\n\t\t\t<a href=\"https:\/\/treehouse-zvicina.cz\/en\/vouchery\/\" class=\"elementor-button-link elementor-button elementor-size-md\" role=\"button\">\n\t\t\t\t\t\t<span class=\"elementor-button-content-wrapper\">\n\t\t\t\t\t\t<span class=\"elementor-button-icon elementor-align-icon-left\">\n\t\t\t\t<i aria-hidden=\"true\" class=\"fas fa-gift\"><\/i>\t\t\t<\/span>\n\t\t\t\t\t\t<span class=\"elementor-button-text\">Donate a voucher<\/span>\n\t\t<\/span>\n\t\t\t\t\t<\/a>\n\t\t<\/div>\n\t\t\t\t<\/div>\n\t\t\t\t<\/div>\n\t\t\t\t\t\t<\/div>\n\t\t\t<\/div>\n\t\t<\/div>\n\t\t\t\t\t\t<\/div>\n\t\t\t<\/div>\n\t\t<\/section>\n\t\t\t\t<div class=\"elementor-element elementor-element-8d0cbf3 elementor-widget elementor-widget-spacer\" data-id=\"8d0cbf3\" data-element_type=\"widget\" data-widget_type=\"spacer.default\">\n\t\t\t\t<div class=\"elementor-widget-container\">\n\t\t\t\t\t<div class=\"elementor-spacer\">\n\t\t\t<div class=\"elementor-spacer-inner\"><\/div>\n\t\t<\/div>\n\t\t\t\t<\/div>\n\t\t\t\t<\/div>\n\t\t\t\t\t\t<\/div>\n\t\t\t<\/div>\n\t\t<\/div>\n\t\t\t\t\t\t<\/div>\n\t\t\t<\/div>\n\t\t<\/section>\n\t\t\t\t\t\t<\/div>\n\t\t\t<\/div>\n\t\t<\/div>","protected":false},"excerpt":{"rendered":"<p>Samoobslu\u017en\u00fd bar Abyste b\u011bhem pron\u00e1jmu a va\u0161eho hospoda\u0159en\u00ed v lese nemuseli opravdu nic \u0159e\u0161it, p\u0159ipravili jsme pro v\u00e1s samoobslu\u017en\u00fd bar.&nbsp; V podzemn\u00ed lednici s navij\u00e1kem m\u016f\u017eete naj\u00edt sn\u00edda\u0148ov\u00fd bal\u00ed\u010dek.&nbsp; U l\u00e1zn\u00ed najdete vychlazen\u00e9 pivo nebo l\u00e1hev v\u00edna.&nbsp; Co zde najdete Zdarma: &nbsp;&#8230;&#8230;&#8230; brambory zelenina ovoce k\u00e1va, \u010daj Za drobn\u00fd poplatek: [&hellip;]<\/p>","protected":false},"author":4,"featured_media":0,"parent":0,"menu_order":0,"comment_status":"closed","ping_status":"closed","template":"","meta":{"ngg_post_thumbnail":0,"spay_email":""},"wppr_data":{"cwp_meta_box_check":"No"},"yoast_head":"<!-- This site is optimized with the Yoast SEO plugin v14.2 - https:\/\/yoast.com\/wordpress\/plugins\/seo\/ -->\n<title>Treehouse &amp; Spa Zvi\u010dina - Samoobslu\u017en\u00fd bar<\/title>\n<meta name=\"description\" content=\"B\u011bhem pobytu u n\u00e1s m\u00e1te formou polopenze z\u00e1kladn\u00ed potraviny, ovoce a zeleninu zcela zdarma. Za drobn\u00fd poplatek pak l\u00e1hev v\u00ednka, pivko a jin\u00e9 pochutiny.\" \/>\n<meta name=\"robots\" content=\"index, follow\" \/>\n<meta name=\"googlebot\" content=\"index, follow, max-snippet:-1, max-image-preview:large, max-video-preview:-1\" \/>\n<meta name=\"bingbot\" content=\"index, follow, max-snippet:-1, max-image-preview:large, max-video-preview:-1\" \/>\n<link rel=\"canonical\" href=\"https:\/\/treehouse-zvicina.cz\/en\/samoobsluzny-bar\/\" \/>\n<meta property=\"og:locale\" content=\"en_GB\" \/>\n<meta property=\"og:type\" content=\"article\" \/>\n<meta property=\"og:title\" content=\"Treehouse &amp; Spa Zvi\u010dina - Samoobslu\u017en\u00fd bar\" \/>\n<meta property=\"og:description\" content=\"B\u011bhem pobytu u n\u00e1s m\u00e1te formou polopenze z\u00e1kladn\u00ed potraviny, ovoce a zeleninu zcela zdarma. Za drobn\u00fd poplatek pak l\u00e1hev v\u00ednka, pivko a jin\u00e9 pochutiny.\" \/>\n<meta property=\"og:url\" content=\"https:\/\/treehouse-zvicina.cz\/en\/samoobsluzny-bar\/\" \/>\n<meta property=\"og:site_name\" content=\"Treehouse &amp; Spa - luxusn\u00ed odpo\u010dinek v p\u0159\u00edrod\u011b\" \/>\n<meta property=\"article:publisher\" content=\"https:\/\/www.facebook.com\/treehousezvicina\/\" \/>\n<meta property=\"article:modified_time\" content=\"2024-02-11T22:10:19+00:00\" \/>\n<meta property=\"og:image\" content=\"http:\/\/treehouse-zvicina.cz\/wp-content\/uploads\/2020\/06\/Treehouse-Zvicina-samoobsluzny-bar-1024x683.jpg\" \/>\n<meta name=\"twitter:card\" content=\"summary_large_image\" \/>\n<script type=\"application\/ld+json\" class=\"yoast-schema-graph\">{\"@context\":\"https:\/\/schema.org\",\"@graph\":[{\"@type\":\"Organization\",\"@id\":\"https:\/\/treehouse-zvicina.cz\/en\/#organization\",\"name\":\"Treehouse Zvi\\u010dina\",\"url\":\"https:\/\/treehouse-zvicina.cz\/en\/\",\"sameAs\":[\"https:\/\/www.facebook.com\/treehousezvicina\/\",\"https:\/\/www.instagram.com\/treehousezvicina\/\"],\"logo\":{\"@type\":\"ImageObject\",\"@id\":\"https:\/\/treehouse-zvicina.cz\/en\/#logo\",\"inLanguage\":\"en-GB\",\"url\":\"https:\/\/treehouse-zvicina.cz\/wp-content\/uploads\/2020\/06\/logo-velke.png\",\"width\":1505,\"height\":1505,\"caption\":\"Treehouse Zvi\\u010dina\"},\"image\":{\"@id\":\"https:\/\/treehouse-zvicina.cz\/en\/#logo\"}},{\"@type\":\"WebSite\",\"@id\":\"https:\/\/treehouse-zvicina.cz\/en\/#website\",\"url\":\"https:\/\/treehouse-zvicina.cz\/en\/\",\"name\":\"Treehouse &amp; Spa - luxusn\\u00ed odpo\\u010dinek v p\\u0159\\u00edrod\\u011b\",\"description\":\"Ubytov\\u00e1n\\u00ed Treehouse &amp; Spa Zvi\\u010dina nab\\u00edz\\u00ed jedine\\u010dn\\u00fd z\\u00e1\\u017eitek v kr\\u00e1sn\\u00e9 p\\u0159\\u00edrod\\u011b. Luxusn\\u00ed odpo\\u010dinek V\\u00e1m zajist\\u00ed hork\\u00fd sud s ochlazovac\\u00ed k\\u00e1d\\u00ed a za zp\\u011bvu pt\\u00e1k\\u016f a \\u0161um\\u011bn\\u00ed list\\u00ed se nechte un\\u00e1\\u0161et na vln\\u011b pohody.\",\"publisher\":{\"@id\":\"https:\/\/treehouse-zvicina.cz\/en\/#organization\"},\"potentialAction\":[{\"@type\":\"SearchAction\",\"target\":\"https:\/\/treehouse-zvicina.cz\/en\/?s={search_term_string}\",\"query-input\":\"required name=search_term_string\"}],\"inLanguage\":\"en-GB\"},{\"@type\":\"ImageObject\",\"@id\":\"https:\/\/treehouse-zvicina.cz\/samoobsluzny-bar\/#primaryimage\",\"inLanguage\":\"en-GB\",\"url\":\"http:\/\/treehouse-zvicina.cz\/wp-content\/uploads\/2020\/06\/Treehouse-Zvicina-samoobsluzny-bar-1024x683.jpg\"},{\"@type\":\"WebPage\",\"@id\":\"https:\/\/treehouse-zvicina.cz\/samoobsluzny-bar\/#webpage\",\"url\":\"https:\/\/treehouse-zvicina.cz\/samoobsluzny-bar\/\",\"name\":\"Treehouse & Spa Zvi\\u010dina - Samoobslu\\u017en\\u00fd bar\",\"isPartOf\":{\"@id\":\"https:\/\/treehouse-zvicina.cz\/en\/#website\"},\"primaryImageOfPage\":{\"@id\":\"https:\/\/treehouse-zvicina.cz\/samoobsluzny-bar\/#primaryimage\"},\"datePublished\":\"2020-06-05T11:01:46+00:00\",\"dateModified\":\"2024-02-11T22:10:19+00:00\",\"description\":\"B\\u011bhem pobytu u n\\u00e1s m\\u00e1te formou polopenze z\\u00e1kladn\\u00ed potraviny, ovoce a zeleninu zcela zdarma. Za drobn\\u00fd poplatek pak l\\u00e1hev v\\u00ednka, pivko a jin\\u00e9 pochutiny.\",\"inLanguage\":\"en-GB\",\"potentialAction\":[{\"@type\":\"ReadAction\",\"target\":[\"https:\/\/treehouse-zvicina.cz\/samoobsluzny-bar\/\"]}]}]}<\/script>\n<!-- \/ Yoast SEO plugin. -->","_links":{"self":[{"href":"https:\/\/treehouse-zvicina.cz\/en\/wp-json\/wp\/v2\/pages\/5110"}],"collection":[{"href":"https:\/\/treehouse-zvicina.cz\/en\/wp-json\/wp\/v2\/pages"}],"about":[{"href":"https:\/\/treehouse-zvicina.cz\/en\/wp-json\/wp\/v2\/types\/page"}],"author":[{"embeddable":true,"href":"https:\/\/treehouse-zvicina.cz\/en\/wp-json\/wp\/v2\/users\/4"}],"replies":[{"embeddable":true,"href":"https:\/\/treehouse-zvicina.cz\/en\/wp-json\/wp\/v2\/comments?post=5110"}],"version-history":[{"count":36,"href":"https:\/\/treehouse-zvicina.cz\/en\/wp-json\/wp\/v2\/pages\/5110\/revisions"}],"predecessor-version":[{"id":6414,"href":"https:\/\/treehouse-zvicina.cz\/en\/wp-json\/wp\/v2\/pages\/5110\/revisions\/6414"}],"wp:attachment":[{"href":"https:\/\/treehouse-zvicina.cz\/en\/wp-json\/wp\/v2\/media?parent=5110"}],"curies":[{"name":"wp","href":"https:\/\/api.w.org\/{rel}","templated":true}]}}