{"id":5134,"date":"2020-06-05T15:34:44","date_gmt":"2020-06-05T15:34:44","guid":{"rendered":"http:\/\/treehouse-zvicina.cz\/?page_id=5134"},"modified":"2024-02-11T22:38:07","modified_gmt":"2024-02-11T22:38:07","slug":"o-nas","status":"publish","type":"page","link":"https:\/\/treehouse-zvicina.cz\/en\/o-nas\/","title":{"rendered":"About"},"content":{"rendered":"<div data-elementor-type=\"wp-page\" data-elementor-id=\"5134\" class=\"elementor elementor-5134\" data-elementor-settings=\"[]\">\n\t\t\t<div class=\"elementor-inner\">\n\t\t\t\t<div class=\"elementor-section-wrap\">\n\t\t\t\t\t\t\t<section class=\"elementor-element elementor-element-6060ccd3 elementor-section-stretched elementor-section-boxed elementor-section-height-default elementor-section-height-default elementor-section elementor-top-section\" data-id=\"6060ccd3\" data-element_type=\"section\" data-settings=\"{&quot;stretch_section&quot;:&quot;section-stretched&quot;}\">\n\t\t\t\t\t\t<div class=\"elementor-container elementor-column-gap-default\">\n\t\t\t\t<div class=\"elementor-row\">\n\t\t\t\t<div class=\"elementor-element elementor-element-5fb8ea64 elementor-column elementor-col-100 elementor-top-column\" data-id=\"5fb8ea64\" data-element_type=\"column\">\n\t\t\t<div class=\"elementor-column-wrap  elementor-element-populated\">\n\t\t\t\t\t<div class=\"elementor-widget-wrap\">\n\t\t\t\t<section class=\"elementor-element elementor-element-fa4cc69 elementor-section-boxed elementor-section-height-default elementor-section-height-default elementor-section elementor-inner-section\" data-id=\"fa4cc69\" data-element_type=\"section\">\n\t\t\t\t\t\t<div class=\"elementor-container elementor-column-gap-default\">\n\t\t\t\t<div class=\"elementor-row\">\n\t\t\t\t<div class=\"elementor-element elementor-element-34e5982 elementor-column elementor-col-50 elementor-inner-column\" data-id=\"34e5982\" data-element_type=\"column\">\n\t\t\t<div class=\"elementor-column-wrap  elementor-element-populated\">\n\t\t\t\t\t<div class=\"elementor-widget-wrap\">\n\t\t\t\t<div class=\"elementor-element elementor-element-5245e17 elementor-widget elementor-widget-heading\" data-id=\"5245e17\" data-element_type=\"widget\" data-widget_type=\"heading.default\">\n\t\t\t\t<div class=\"elementor-widget-container\">\n\t\t\t<h3 class=\"elementor-heading-title elementor-size-default\">About us<\/h3>\t\t<\/div>\n\t\t\t\t<\/div>\n\t\t\t\t<div class=\"elementor-element elementor-element-b179970 elementor-widget elementor-widget-image\" data-id=\"b179970\" data-element_type=\"widget\" data-widget_type=\"image.default\">\n\t\t\t\t<div class=\"elementor-widget-container\">\n\t\t\t\t\t<div class=\"elementor-image\">\n\t\t\t\t\t\t\t\t\t\t<img width=\"750\" height=\"500\" src=\"https:\/\/treehouse-zvicina.cz\/wp-content\/uploads\/2024\/02\/Treehouse-Zvicina_enviromentalna-vychova_2_1200-1024x683.jpg\" class=\"attachment-large size-large\" alt=\"Lesn\u00ed pedagogika\" loading=\"lazy\" srcset=\"https:\/\/treehouse-zvicina.cz\/wp-content\/uploads\/2024\/02\/Treehouse-Zvicina_enviromentalna-vychova_2_1200-1024x683.jpg 1024w, https:\/\/treehouse-zvicina.cz\/wp-content\/uploads\/2024\/02\/Treehouse-Zvicina_enviromentalna-vychova_2_1200-300x200.jpg 300w, https:\/\/treehouse-zvicina.cz\/wp-content\/uploads\/2024\/02\/Treehouse-Zvicina_enviromentalna-vychova_2_1200-768x512.jpg 768w, https:\/\/treehouse-zvicina.cz\/wp-content\/uploads\/2024\/02\/Treehouse-Zvicina_enviromentalna-vychova_2_1200-50x33.jpg 50w, https:\/\/treehouse-zvicina.cz\/wp-content\/uploads\/2024\/02\/Treehouse-Zvicina_enviromentalna-vychova_2_1200-360x240.jpg 360w, https:\/\/treehouse-zvicina.cz\/wp-content\/uploads\/2024\/02\/Treehouse-Zvicina_enviromentalna-vychova_2_1200-24x16.jpg 24w, https:\/\/treehouse-zvicina.cz\/wp-content\/uploads\/2024\/02\/Treehouse-Zvicina_enviromentalna-vychova_2_1200-36x24.jpg 36w, https:\/\/treehouse-zvicina.cz\/wp-content\/uploads\/2024\/02\/Treehouse-Zvicina_enviromentalna-vychova_2_1200-48x32.jpg 48w, https:\/\/treehouse-zvicina.cz\/wp-content\/uploads\/2024\/02\/Treehouse-Zvicina_enviromentalna-vychova_2_1200-600x400.jpg 600w, https:\/\/treehouse-zvicina.cz\/wp-content\/uploads\/2024\/02\/Treehouse-Zvicina_enviromentalna-vychova_2_1200.jpg 1200w\" sizes=\"(max-width: 750px) 100vw, 750px\" \/>\t\t\t\t\t\t\t\t\t\t\t<\/div>\n\t\t\t\t<\/div>\n\t\t\t\t<\/div>\n\t\t\t\t<div class=\"elementor-element elementor-element-a870339 elementor-widget elementor-widget-text-editor\" data-id=\"a870339\" data-element_type=\"widget\" data-widget_type=\"text-editor.default\">\n\t\t\t\t<div class=\"elementor-widget-container\">\n\t\t\t\t\t<div class=\"elementor-text-editor elementor-clearfix\"><p><\/p>\n<p>It's not actually about us, but about nature, of which we as individuals, our society and, by extension, all of humanity are an integral part.\u00a0<\/p>\n<p>My jsme si po\u0159\u00eddili les a za\u010dali v n\u011bm hospoda\u0159it. Les pln\u00ed hned n\u011bkolik funkc\u00ed. Mimo jin\u00e9 ekologickou, soci\u00e1ln\u011b-kulturn\u00ed a ekonomickou. Na\u0161im po\u010d\u00edn\u00e1n\u00edm se sna\u017e\u00edme nau\u010dit, jak spr\u00e1vn\u011b hospoda\u0159it se v\u0161emi aspekty lesa a na\u0161e zku\u0161enosti aplikovat do ka\u017edodenn\u00edho \u017eivota.\u00a0<\/p>\n<p><span style=\"font-size: inherit; -webkit-text-size-adjust: 100%;\">Je to o rodin\u011b, p\u0159\u00e1telstv\u00ed, poutu, z\u00e1\u017eitku, av\u0161ak hlavn\u011b o p\u0159\u00edrod\u011b, \u017eivot\u011b v n\u00ed a s n\u00ed.\u00a0<\/span><\/p>\n<p><\/p><\/div>\n\t\t\t\t<\/div>\n\t\t\t\t<\/div>\n\t\t\t\t\t\t<\/div>\n\t\t\t<\/div>\n\t\t<\/div>\n\t\t\t\t<div class=\"elementor-element elementor-element-da89fc2 elementor-column elementor-col-50 elementor-inner-column\" data-id=\"da89fc2\" data-element_type=\"column\">\n\t\t\t<div class=\"elementor-column-wrap  elementor-element-populated\">\n\t\t\t\t\t<div class=\"elementor-widget-wrap\">\n\t\t\t\t<div class=\"elementor-element elementor-element-6aa8572 elementor-widget elementor-widget-heading\" data-id=\"6aa8572\" data-element_type=\"widget\" data-widget_type=\"heading.default\">\n\t\t\t\t<div class=\"elementor-widget-container\">\n\t\t\t<h3 class=\"elementor-heading-title elementor-size-default\">About the project<\/h3>\t\t<\/div>\n\t\t\t\t<\/div>\n\t\t\t\t<div class=\"elementor-element elementor-element-ad2ebcd elementor-widget elementor-widget-text-editor\" data-id=\"ad2ebcd\" data-element_type=\"widget\" data-widget_type=\"text-editor.default\">\n\t\t\t\t<div class=\"elementor-widget-container\">\n\t\t\t\t\t<div class=\"elementor-text-editor elementor-clearfix\"><p>This project primarily seeks to point out a permaculture and sustainable way of life, which means coexistence with nature and minimal impact on the environment.<\/p>\n<p>Hospoda\u0159\u00edme v lese. Star\u00e1me se o \u017eivot v n\u011bm. Vodu sb\u00edr\u00e1me z lok\u00e1ln\u00edch prameni\u0161\u0165, elekt\u0159inu bereme ze slunce, t\u0159\u00edd\u00edme odpad, kompostujeme a pou\u017e\u00edv\u00e1me biologicky odbourateln\u00e9 prost\u0159edky. Drobn\u00e9 stavby jsou zhotoveny z p\u0159\u00edrodn\u00edch materi\u00e1l\u016f.<\/p>\n<p>Vzniklo m\u00edsto vhodn\u00e9 pro nejen udr\u017eiteln\u00e9 hospoda\u0159en\u00ed v lese, ale i trvale udr\u017eiteln\u00fd zp\u016fsob \u017eivota. M\u00edsto pro inspiraci, tr\u00e1ven\u00ed voln\u00e9ho \u010dasu, odpo\u010dinek i rekreaci.\u00a0<\/p>\n<p>My jsme se rozhodli m\u00edsto pronaj\u00edmat a pod\u011blit se tak o zku\u0161enost a z\u00e1\u017eitek s ostatn\u00edmi.<\/p><\/div>\n\t\t\t\t<\/div>\n\t\t\t\t<\/div>\n\t\t\t\t<div class=\"elementor-element elementor-element-ae506b5 elementor-widget elementor-widget-image\" data-id=\"ae506b5\" data-element_type=\"widget\" data-widget_type=\"image.default\">\n\t\t\t\t<div class=\"elementor-widget-container\">\n\t\t\t\t\t<div class=\"elementor-image\">\n\t\t\t\t\t\t\t\t\t\t<img width=\"750\" height=\"500\" src=\"https:\/\/treehouse-zvicina.cz\/wp-content\/uploads\/2023\/01\/Treehouse-Zvicina_priroda-pro-vsechny-1024x683.jpg\" class=\"attachment-large size-large\" alt=\"Treehouse Zvi\u010dina srdce p\u0159\u00edrody\" loading=\"lazy\" srcset=\"https:\/\/treehouse-zvicina.cz\/wp-content\/uploads\/2023\/01\/Treehouse-Zvicina_priroda-pro-vsechny-1024x683.jpg 1024w, https:\/\/treehouse-zvicina.cz\/wp-content\/uploads\/2023\/01\/Treehouse-Zvicina_priroda-pro-vsechny-300x200.jpg 300w, https:\/\/treehouse-zvicina.cz\/wp-content\/uploads\/2023\/01\/Treehouse-Zvicina_priroda-pro-vsechny-768x512.jpg 768w, https:\/\/treehouse-zvicina.cz\/wp-content\/uploads\/2023\/01\/Treehouse-Zvicina_priroda-pro-vsechny-50x33.jpg 50w, https:\/\/treehouse-zvicina.cz\/wp-content\/uploads\/2023\/01\/Treehouse-Zvicina_priroda-pro-vsechny-360x240.jpg 360w, https:\/\/treehouse-zvicina.cz\/wp-content\/uploads\/2023\/01\/Treehouse-Zvicina_priroda-pro-vsechny-24x16.jpg 24w, https:\/\/treehouse-zvicina.cz\/wp-content\/uploads\/2023\/01\/Treehouse-Zvicina_priroda-pro-vsechny-36x24.jpg 36w, https:\/\/treehouse-zvicina.cz\/wp-content\/uploads\/2023\/01\/Treehouse-Zvicina_priroda-pro-vsechny-48x32.jpg 48w, https:\/\/treehouse-zvicina.cz\/wp-content\/uploads\/2023\/01\/Treehouse-Zvicina_priroda-pro-vsechny-600x400.jpg 600w, https:\/\/treehouse-zvicina.cz\/wp-content\/uploads\/2023\/01\/Treehouse-Zvicina_priroda-pro-vsechny.jpg 1200w\" sizes=\"(max-width: 750px) 100vw, 750px\" \/>\t\t\t\t\t\t\t\t\t\t\t<\/div>\n\t\t\t\t<\/div>\n\t\t\t\t<\/div>\n\t\t\t\t\t\t<\/div>\n\t\t\t<\/div>\n\t\t<\/div>\n\t\t\t\t\t\t<\/div>\n\t\t\t<\/div>\n\t\t<\/section>\n\t\t\t\t<div class=\"elementor-element elementor-element-4cfcb5b4 elementor-widget elementor-widget-text-editor\" data-id=\"4cfcb5b4\" data-element_type=\"widget\" data-widget_type=\"text-editor.default\">\n\t\t\t\t<div class=\"elementor-widget-container\">\n\t\t\t\t\t<div class=\"elementor-text-editor elementor-clearfix\"><!-- wp:themeisle-blocks\/advanced-columns {\"id\":\"wp-block-themeisle-blocks-advanced-columns-9e606121\"} -->\n<div class=\"wp-block-themeisle-blocks-advanced-columns has-undefined-columns has-desktop-undefined-layout has-tablet-equal-layout has-mobile-equal-layout has-default-gap has-vertical-unset\" id=\"wp-block-themeisle-blocks-advanced-columns-9e606121\"><div class=\"wp-block-themeisle-blocks-advanced-columns-overlay\"><\/div><div class=\"innerblocks-wrap\"><\/div><\/div>\n<!-- \/wp:themeisle-blocks\/advanced-columns --><\/div>\n\t\t\t\t<\/div>\n\t\t\t\t<\/div>\n\t\t\t\t<div class=\"elementor-element elementor-element-898da57 elementor-widget elementor-widget-divider\" data-id=\"898da57\" data-element_type=\"widget\" data-widget_type=\"divider.default\">\n\t\t\t\t<div class=\"elementor-widget-container\">\n\t\t\t\t\t<div class=\"elementor-divider\">\n\t\t\t<span class=\"elementor-divider-separator\">\n\t\t\t\t\t\t<\/span>\n\t\t<\/div>\n\t\t\t\t<\/div>\n\t\t\t\t<\/div>\n\t\t\t\t\t\t<\/div>\n\t\t\t<\/div>\n\t\t<\/div>\n\t\t\t\t\t\t<\/div>\n\t\t\t<\/div>\n\t\t<\/section>\n\t\t\t\t<section class=\"elementor-element elementor-element-019df8b elementor-section-boxed elementor-section-height-default elementor-section-height-default elementor-section elementor-top-section\" data-id=\"019df8b\" data-element_type=\"section\">\n\t\t\t\t\t\t<div class=\"elementor-container elementor-column-gap-default\">\n\t\t\t\t<div class=\"elementor-row\">\n\t\t\t\t<div class=\"elementor-element elementor-element-5e2b61c elementor-column elementor-col-100 elementor-top-column\" data-id=\"5e2b61c\" data-element_type=\"column\">\n\t\t\t<div class=\"elementor-column-wrap  elementor-element-populated\">\n\t\t\t\t\t<div class=\"elementor-widget-wrap\">\n\t\t\t\t<div class=\"elementor-element elementor-element-93eb4ed elementor-widget elementor-widget-text-editor\" data-id=\"93eb4ed\" data-element_type=\"widget\" data-widget_type=\"text-editor.default\">\n\t\t\t\t<div class=\"elementor-widget-container\">\n\t\t\t\t\t<div class=\"elementor-text-editor elementor-clearfix\"><p style=\"text-align: center;\">Tak\u00e9 si chcete vyzkou\u0161et, jak\u00e9 to je hospoda\u0159it a \u017e\u00edt v souladu s p\u0159\u00edrodou?<\/p>\n<p style=\"text-align: center;\">Zarezervujte si n\u00e1\u0161 les na p\u00e1r dn\u016f!<\/p><\/div>\n\t\t\t\t<\/div>\n\t\t\t\t<\/div>\n\t\t\t\t<div class=\"elementor-element elementor-element-a6fd5ff elementor-align-center elementor-widget elementor-widget-button\" data-id=\"a6fd5ff\" data-element_type=\"widget\" data-widget_type=\"button.default\">\n\t\t\t\t<div class=\"elementor-widget-container\">\n\t\t\t\t\t<div class=\"elementor-button-wrapper\">\n\t\t\t<a href=\"https:\/\/treehouse-zvicina.cz\/en\/rezervace\/\" class=\"elementor-button-link elementor-button elementor-size-md\" role=\"button\">\n\t\t\t\t\t\t<span class=\"elementor-button-content-wrapper\">\n\t\t\t\t\t\t<span class=\"elementor-button-text\">Reservation<\/span>\n\t\t<\/span>\n\t\t\t\t\t<\/a>\n\t\t<\/div>\n\t\t\t\t<\/div>\n\t\t\t\t<\/div>\n\t\t\t\t<div class=\"elementor-element elementor-element-f3379fd elementor-widget elementor-widget-spacer\" data-id=\"f3379fd\" data-element_type=\"widget\" data-widget_type=\"spacer.default\">\n\t\t\t\t<div class=\"elementor-widget-container\">\n\t\t\t\t\t<div class=\"elementor-spacer\">\n\t\t\t<div class=\"elementor-spacer-inner\"><\/div>\n\t\t<\/div>\n\t\t\t\t<\/div>\n\t\t\t\t<\/div>\n\t\t\t\t\t\t<\/div>\n\t\t\t<\/div>\n\t\t<\/div>\n\t\t\t\t\t\t<\/div>\n\t\t\t<\/div>\n\t\t<\/section>\n\t\t\t\t\t\t<\/div>\n\t\t\t<\/div>\n\t\t<\/div>","protected":false},"excerpt":{"rendered":"<p>Kr\u00e1tce o n\u00e1s Ono to vlastn\u011b nen\u00ed o n\u00e1s, ale o p\u0159\u00edrod\u011b, jej\u00ed\u017e jsme my jednotlivci, na\u0161e spole\u010dnost a pota\u017emo i cel\u00e9 lidstvo ned\u00edlnou sou\u010d\u00e1st\u00ed.\u00a0 My jsme si po\u0159\u00eddili les a za\u010dali v n\u011bm hospoda\u0159it. Les pln\u00ed hned n\u011bkolik funkc\u00ed. Mimo jin\u00e9 ekologickou, soci\u00e1ln\u011b-kulturn\u00ed a ekonomickou. Na\u0161im po\u010d\u00edn\u00e1n\u00edm se sna\u017e\u00edme [&hellip;]<\/p>","protected":false},"author":4,"featured_media":0,"parent":0,"menu_order":0,"comment_status":"closed","ping_status":"closed","template":"","meta":{"ngg_post_thumbnail":0,"spay_email":""},"wppr_data":{"cwp_meta_box_check":"No"},"yoast_head":"<!-- This site is optimized with the Yoast SEO plugin v14.2 - https:\/\/yoast.com\/wordpress\/plugins\/seo\/ -->\n<title>Treehouse &amp; Spa Zvi\u010dina - O n\u00e1s a na\u0161em projektu Stromov\u00e9ho domku<\/title>\n<meta name=\"description\" content=\"Projekt Treehouse Zvi\u010dina vznikl s c\u00edlem pouk\u00e1zat na trvale udr\u017eiteln\u00fd zp\u016fsob \u017eivota, co\u017e znamen\u00e1 sou\u017eit\u00ed s p\u0159\u00edrodou a minim\u00e1ln\u00ed dopad na \u017eivotn\u00ed prost\u0159ed\u00ed.\" \/>\n<meta name=\"robots\" content=\"index, follow\" \/>\n<meta name=\"googlebot\" content=\"index, follow, max-snippet:-1, max-image-preview:large, max-video-preview:-1\" \/>\n<meta name=\"bingbot\" content=\"index, follow, max-snippet:-1, max-image-preview:large, max-video-preview:-1\" \/>\n<link rel=\"canonical\" href=\"https:\/\/treehouse-zvicina.cz\/en\/o-nas\/\" \/>\n<meta property=\"og:locale\" content=\"en_GB\" \/>\n<meta property=\"og:type\" content=\"article\" \/>\n<meta property=\"og:title\" content=\"Treehouse &amp; Spa Zvi\u010dina - O n\u00e1s a na\u0161em projektu Stromov\u00e9ho domku\" \/>\n<meta property=\"og:description\" content=\"Projekt Treehouse Zvi\u010dina vznikl s c\u00edlem pouk\u00e1zat na trvale udr\u017eiteln\u00fd zp\u016fsob \u017eivota, co\u017e znamen\u00e1 sou\u017eit\u00ed s p\u0159\u00edrodou a minim\u00e1ln\u00ed dopad na \u017eivotn\u00ed prost\u0159ed\u00ed.\" \/>\n<meta property=\"og:url\" content=\"https:\/\/treehouse-zvicina.cz\/en\/o-nas\/\" \/>\n<meta property=\"og:site_name\" content=\"Treehouse &amp; Spa - luxusn\u00ed odpo\u010dinek v p\u0159\u00edrod\u011b\" \/>\n<meta property=\"article:publisher\" content=\"https:\/\/www.facebook.com\/treehousezvicina\/\" \/>\n<meta property=\"article:modified_time\" content=\"2024-02-11T22:38:07+00:00\" \/>\n<meta property=\"og:image\" content=\"http:\/\/treehouse-zvicina.cz\/wp-content\/uploads\/2024\/02\/Treehouse-Zvicina_enviromentalna-vychova_2_1200-1024x683.jpg\" \/>\n<meta name=\"twitter:card\" content=\"summary_large_image\" \/>\n<script type=\"application\/ld+json\" class=\"yoast-schema-graph\">{\"@context\":\"https:\/\/schema.org\",\"@graph\":[{\"@type\":\"Organization\",\"@id\":\"https:\/\/treehouse-zvicina.cz\/en\/#organization\",\"name\":\"Treehouse Zvi\\u010dina\",\"url\":\"https:\/\/treehouse-zvicina.cz\/en\/\",\"sameAs\":[\"https:\/\/www.facebook.com\/treehousezvicina\/\",\"https:\/\/www.instagram.com\/treehousezvicina\/\"],\"logo\":{\"@type\":\"ImageObject\",\"@id\":\"https:\/\/treehouse-zvicina.cz\/en\/#logo\",\"inLanguage\":\"en-GB\",\"url\":\"https:\/\/treehouse-zvicina.cz\/wp-content\/uploads\/2020\/06\/logo-velke.png\",\"width\":1505,\"height\":1505,\"caption\":\"Treehouse Zvi\\u010dina\"},\"image\":{\"@id\":\"https:\/\/treehouse-zvicina.cz\/en\/#logo\"}},{\"@type\":\"WebSite\",\"@id\":\"https:\/\/treehouse-zvicina.cz\/en\/#website\",\"url\":\"https:\/\/treehouse-zvicina.cz\/en\/\",\"name\":\"Treehouse &amp; Spa - luxusn\\u00ed odpo\\u010dinek v p\\u0159\\u00edrod\\u011b\",\"description\":\"Ubytov\\u00e1n\\u00ed Treehouse &amp; Spa Zvi\\u010dina nab\\u00edz\\u00ed jedine\\u010dn\\u00fd z\\u00e1\\u017eitek v kr\\u00e1sn\\u00e9 p\\u0159\\u00edrod\\u011b. Luxusn\\u00ed odpo\\u010dinek V\\u00e1m zajist\\u00ed hork\\u00fd sud s ochlazovac\\u00ed k\\u00e1d\\u00ed a za zp\\u011bvu pt\\u00e1k\\u016f a \\u0161um\\u011bn\\u00ed list\\u00ed se nechte un\\u00e1\\u0161et na vln\\u011b pohody.\",\"publisher\":{\"@id\":\"https:\/\/treehouse-zvicina.cz\/en\/#organization\"},\"potentialAction\":[{\"@type\":\"SearchAction\",\"target\":\"https:\/\/treehouse-zvicina.cz\/en\/?s={search_term_string}\",\"query-input\":\"required name=search_term_string\"}],\"inLanguage\":\"en-GB\"},{\"@type\":\"ImageObject\",\"@id\":\"https:\/\/treehouse-zvicina.cz\/o-nas\/#primaryimage\",\"inLanguage\":\"en-GB\",\"url\":\"http:\/\/treehouse-zvicina.cz\/wp-content\/uploads\/2024\/02\/Treehouse-Zvicina_enviromentalna-vychova_2_1200-1024x683.jpg\"},{\"@type\":\"WebPage\",\"@id\":\"https:\/\/treehouse-zvicina.cz\/o-nas\/#webpage\",\"url\":\"https:\/\/treehouse-zvicina.cz\/o-nas\/\",\"name\":\"Treehouse & Spa Zvi\\u010dina - O n\\u00e1s a na\\u0161em projektu Stromov\\u00e9ho domku\",\"isPartOf\":{\"@id\":\"https:\/\/treehouse-zvicina.cz\/en\/#website\"},\"primaryImageOfPage\":{\"@id\":\"https:\/\/treehouse-zvicina.cz\/o-nas\/#primaryimage\"},\"datePublished\":\"2020-06-05T15:34:44+00:00\",\"dateModified\":\"2024-02-11T22:38:07+00:00\",\"description\":\"Projekt Treehouse Zvi\\u010dina vznikl s c\\u00edlem pouk\\u00e1zat na trvale udr\\u017eiteln\\u00fd zp\\u016fsob \\u017eivota, co\\u017e znamen\\u00e1 sou\\u017eit\\u00ed s p\\u0159\\u00edrodou a minim\\u00e1ln\\u00ed dopad na \\u017eivotn\\u00ed prost\\u0159ed\\u00ed.\",\"inLanguage\":\"en-GB\",\"potentialAction\":[{\"@type\":\"ReadAction\",\"target\":[\"https:\/\/treehouse-zvicina.cz\/o-nas\/\"]}]}]}<\/script>\n<!-- \/ Yoast SEO plugin. -->","_links":{"self":[{"href":"https:\/\/treehouse-zvicina.cz\/en\/wp-json\/wp\/v2\/pages\/5134"}],"collection":[{"href":"https:\/\/treehouse-zvicina.cz\/en\/wp-json\/wp\/v2\/pages"}],"about":[{"href":"https:\/\/treehouse-zvicina.cz\/en\/wp-json\/wp\/v2\/types\/page"}],"author":[{"embeddable":true,"href":"https:\/\/treehouse-zvicina.cz\/en\/wp-json\/wp\/v2\/users\/4"}],"replies":[{"embeddable":true,"href":"https:\/\/treehouse-zvicina.cz\/en\/wp-json\/wp\/v2\/comments?post=5134"}],"version-history":[{"count":21,"href":"https:\/\/treehouse-zvicina.cz\/en\/wp-json\/wp\/v2\/pages\/5134\/revisions"}],"predecessor-version":[{"id":6418,"href":"https:\/\/treehouse-zvicina.cz\/en\/wp-json\/wp\/v2\/pages\/5134\/revisions\/6418"}],"wp:attachment":[{"href":"https:\/\/treehouse-zvicina.cz\/en\/wp-json\/wp\/v2\/media?parent=5134"}],"curies":[{"name":"wp","href":"https:\/\/api.w.org\/{rel}","templated":true}]}}