{"id":69,"date":"2016-10-03T13:21:23","date_gmt":"2016-10-03T13:21:23","guid":{"rendered":"https:\/\/demo.themeisle.com\/hestia\/cart\/"},"modified":"2021-11-29T22:01:23","modified_gmt":"2021-11-29T22:01:23","slug":"d41d8-cart","status":"publish","type":"page","link":"https:\/\/treehouse-zvicina.cz\/en\/d41d8-cart\/","title":{"rendered":"Voucher"},"content":{"rendered":"<div data-elementor-type=\"wp-page\" data-elementor-id=\"69\" class=\"elementor elementor-69\" data-elementor-settings=\"[]\">\n\t\t\t<div class=\"elementor-inner\">\n\t\t\t\t<div class=\"elementor-section-wrap\">\n\t\t\t\t\t\t\t<section class=\"elementor-element elementor-element-7d2dc276 elementor-section-boxed elementor-section-height-default elementor-section-height-default elementor-section elementor-top-section\" data-id=\"7d2dc276\" data-element_type=\"section\">\n\t\t\t\t\t\t<div class=\"elementor-container elementor-column-gap-default\">\n\t\t\t\t<div class=\"elementor-row\">\n\t\t\t\t<div class=\"elementor-element elementor-element-2f8f522d elementor-column elementor-col-100 elementor-top-column\" data-id=\"2f8f522d\" data-element_type=\"column\">\n\t\t\t<div class=\"elementor-column-wrap  elementor-element-populated\">\n\t\t\t\t\t<div class=\"elementor-widget-wrap\">\n\t\t\t\t<div class=\"elementor-element elementor-element-05134a6 elementor-widget elementor-widget-heading\" data-id=\"05134a6\" data-element_type=\"widget\" data-widget_type=\"heading.default\">\n\t\t\t\t<div class=\"elementor-widget-container\">\n\t\t\t<h2 class=\"elementor-heading-title elementor-size-default\">Cart<\/h2>\t\t<\/div>\n\t\t\t\t<\/div>\n\t\t\t\t<div class=\"elementor-element elementor-element-11650bc elementor-widget elementor-widget-shortcode\" data-id=\"11650bc\" data-element_type=\"widget\" data-widget_type=\"shortcode.default\">\n\t\t\t\t<div class=\"elementor-widget-container\">\n\t\t\t\t\t<div class=\"elementor-shortcode\"><div class=\"woocommerce\"><div class=\"woocommerce-notices-wrapper\"><\/div><p class=\"cart-empty woocommerce-info\" data-no-translation=\"\" data-trp-gettext=\"\">Your basket is currently empty.<\/p><\/div>\n<\/div>\n\t\t\t\t<\/div>\n\t\t\t\t<\/div>\n\t\t\t\t\t\t<\/div>\n\t\t\t<\/div>\n\t\t<\/div>\n\t\t\t\t\t\t<\/div>\n\t\t\t<\/div>\n\t\t<\/section>\n\t\t\t\t\t\t<\/div>\n\t\t\t<\/div>\n\t\t<\/div>","protected":false},"excerpt":{"rendered":"<p>Cart<\/p>","protected":false},"author":4,"featured_media":0,"parent":0,"menu_order":0,"comment_status":"closed","ping_status":"closed","template":"","meta":{"ngg_post_thumbnail":0,"spay_email":""},"wppr_data":{"cwp_meta_box_check":"No"},"yoast_head":"<!-- This site is optimized with the Yoast SEO plugin v14.2 - https:\/\/yoast.com\/wordpress\/plugins\/seo\/ -->\n<title>Voucher - Treehouse &amp; Spa - luxusn\u00ed odpo\u010dinek v p\u0159\u00edrod\u011b<\/title>\n<meta name=\"description\" content=\"Chcete k n\u00e1m, ale nev\u00edte kdy? Po\u0159i\u010fte si voucher a p\u0159esn\u00fd term\u00edn si domluvte a\u017e pozd\u011bji! Origin\u00e1ln\u00ed d\u00e1rek i pro va\u0161e kamar\u00e1dy! Kupte jim pobyt v Treehousu Zvi\u010dina :)\" \/>\n<meta name=\"robots\" content=\"index, follow\" \/>\n<meta name=\"googlebot\" content=\"index, follow, max-snippet:-1, max-image-preview:large, max-video-preview:-1\" \/>\n<meta name=\"bingbot\" content=\"index, follow, max-snippet:-1, max-image-preview:large, max-video-preview:-1\" \/>\n<link rel=\"canonical\" href=\"https:\/\/treehouse-zvicina.cz\/en\/d41d8-cart\/\" \/>\n<meta property=\"og:locale\" content=\"en_GB\" \/>\n<meta property=\"og:type\" content=\"article\" \/>\n<meta property=\"og:title\" content=\"Voucher - Treehouse &amp; Spa - luxusn\u00ed odpo\u010dinek v p\u0159\u00edrod\u011b\" \/>\n<meta property=\"og:description\" content=\"Chcete k n\u00e1m, ale nev\u00edte kdy? Po\u0159i\u010fte si voucher a p\u0159esn\u00fd term\u00edn si domluvte a\u017e pozd\u011bji! Origin\u00e1ln\u00ed d\u00e1rek i pro va\u0161e kamar\u00e1dy! Kupte jim pobyt v Treehousu Zvi\u010dina :)\" \/>\n<meta property=\"og:url\" content=\"https:\/\/treehouse-zvicina.cz\/en\/d41d8-cart\/\" \/>\n<meta property=\"og:site_name\" content=\"Treehouse &amp; Spa - luxusn\u00ed odpo\u010dinek v p\u0159\u00edrod\u011b\" \/>\n<meta property=\"article:publisher\" content=\"https:\/\/www.facebook.com\/treehousezvicina\/\" \/>\n<meta property=\"article:modified_time\" content=\"2021-11-29T22:01:23+00:00\" \/>\n<meta name=\"twitter:card\" content=\"summary_large_image\" \/>\n<script type=\"application\/ld+json\" class=\"yoast-schema-graph\">{\"@context\":\"https:\/\/schema.org\",\"@graph\":[{\"@type\":\"Organization\",\"@id\":\"https:\/\/treehouse-zvicina.cz\/en\/#organization\",\"name\":\"Treehouse Zvi\\u010dina\",\"url\":\"https:\/\/treehouse-zvicina.cz\/en\/\",\"sameAs\":[\"https:\/\/www.facebook.com\/treehousezvicina\/\",\"https:\/\/www.instagram.com\/treehousezvicina\/\"],\"logo\":{\"@type\":\"ImageObject\",\"@id\":\"https:\/\/treehouse-zvicina.cz\/en\/#logo\",\"inLanguage\":\"en-GB\",\"url\":\"https:\/\/treehouse-zvicina.cz\/wp-content\/uploads\/2020\/06\/logo-velke.png\",\"width\":1505,\"height\":1505,\"caption\":\"Treehouse Zvi\\u010dina\"},\"image\":{\"@id\":\"https:\/\/treehouse-zvicina.cz\/en\/#logo\"}},{\"@type\":\"WebSite\",\"@id\":\"https:\/\/treehouse-zvicina.cz\/en\/#website\",\"url\":\"https:\/\/treehouse-zvicina.cz\/en\/\",\"name\":\"Treehouse &amp; Spa - luxusn\\u00ed odpo\\u010dinek v p\\u0159\\u00edrod\\u011b\",\"description\":\"Ubytov\\u00e1n\\u00ed Treehouse &amp; Spa Zvi\\u010dina nab\\u00edz\\u00ed jedine\\u010dn\\u00fd z\\u00e1\\u017eitek v kr\\u00e1sn\\u00e9 p\\u0159\\u00edrod\\u011b. Luxusn\\u00ed odpo\\u010dinek V\\u00e1m zajist\\u00ed hork\\u00fd sud s ochlazovac\\u00ed k\\u00e1d\\u00ed a za zp\\u011bvu pt\\u00e1k\\u016f a \\u0161um\\u011bn\\u00ed list\\u00ed se nechte un\\u00e1\\u0161et na vln\\u011b pohody.\",\"publisher\":{\"@id\":\"https:\/\/treehouse-zvicina.cz\/en\/#organization\"},\"potentialAction\":[{\"@type\":\"SearchAction\",\"target\":\"https:\/\/treehouse-zvicina.cz\/en\/?s={search_term_string}\",\"query-input\":\"required name=search_term_string\"}],\"inLanguage\":\"en-GB\"},{\"@type\":\"WebPage\",\"@id\":\"https:\/\/treehouse-zvicina.cz\/d41d8-cart\/#webpage\",\"url\":\"https:\/\/treehouse-zvicina.cz\/d41d8-cart\/\",\"name\":\"Voucher - Treehouse &amp; Spa - luxusn\\u00ed odpo\\u010dinek v p\\u0159\\u00edrod\\u011b\",\"isPartOf\":{\"@id\":\"https:\/\/treehouse-zvicina.cz\/en\/#website\"},\"datePublished\":\"2016-10-03T13:21:23+00:00\",\"dateModified\":\"2021-11-29T22:01:23+00:00\",\"description\":\"Chcete k n\\u00e1m, ale nev\\u00edte kdy? Po\\u0159i\\u010fte si voucher a p\\u0159esn\\u00fd term\\u00edn si domluvte a\\u017e pozd\\u011bji! Origin\\u00e1ln\\u00ed d\\u00e1rek i pro va\\u0161e kamar\\u00e1dy! Kupte jim pobyt v Treehousu Zvi\\u010dina :)\",\"inLanguage\":\"en-GB\",\"potentialAction\":[{\"@type\":\"ReadAction\",\"target\":[\"https:\/\/treehouse-zvicina.cz\/d41d8-cart\/\"]}]}]}<\/script>\n<!-- \/ Yoast SEO plugin. -->","_links":{"self":[{"href":"https:\/\/treehouse-zvicina.cz\/en\/wp-json\/wp\/v2\/pages\/69"}],"collection":[{"href":"https:\/\/treehouse-zvicina.cz\/en\/wp-json\/wp\/v2\/pages"}],"about":[{"href":"https:\/\/treehouse-zvicina.cz\/en\/wp-json\/wp\/v2\/types\/page"}],"author":[{"embeddable":true,"href":"https:\/\/treehouse-zvicina.cz\/en\/wp-json\/wp\/v2\/users\/4"}],"replies":[{"embeddable":true,"href":"https:\/\/treehouse-zvicina.cz\/en\/wp-json\/wp\/v2\/comments?post=69"}],"version-history":[{"count":14,"href":"https:\/\/treehouse-zvicina.cz\/en\/wp-json\/wp\/v2\/pages\/69\/revisions"}],"predecessor-version":[{"id":6090,"href":"https:\/\/treehouse-zvicina.cz\/en\/wp-json\/wp\/v2\/pages\/69\/revisions\/6090"}],"wp:attachment":[{"href":"https:\/\/treehouse-zvicina.cz\/en\/wp-json\/wp\/v2\/media?parent=69"}],"curies":[{"name":"wp","href":"https:\/\/api.w.org\/{rel}","templated":true}]}}